{"id":3594,"date":"2018-04-23T21:24:24","date_gmt":"2018-04-23T19:24:24","guid":{"rendered":"https:\/\/www.hotel-artecasa.hr\/gastro\/"},"modified":"2019-05-22T14:01:00","modified_gmt":"2019-05-22T12:01:00","slug":"gastro","status":"publish","type":"page","link":"https:\/\/www.hotel-artecasa.hr\/sl\/gastro\/","title":{"rendered":"TRENUTKI GASTRONOMIJE"},"content":{"rendered":"<p><div class=\"fusion-fullwidth fullwidth-box fusion-builder-row-1 nonhundred-percent-fullwidth non-hundred-percent-height-scrolling fusion-equal-height-columns\" style=\"--awb-background-position:left top;--awb-border-radius-top-left:0px;--awb-border-radius-top-right:0px;--awb-border-radius-bottom-right:0px;--awb-border-radius-bottom-left:0px;--awb-padding-top:0px;--awb-padding-right:0px;--awb-padding-bottom:0px;--awb-padding-left:0px;--awb-border-sizes-top:0px;--awb-border-sizes-bottom:0px;--awb-flex-wrap:wrap;\" ><div class=\"fusion-builder-row fusion-row\"><div class=\"fusion-layout-column fusion_builder_column fusion-builder-column-0 fusion_builder_column_1_1 1_1 fusion-one-full fusion-column-first fusion-column-last\" style=\"--awb-padding-top:90px;--awb-padding-right:10%;--awb-padding-bottom:80px;--awb-padding-left:10%;--awb-bg-size:cover;\"><div class=\"fusion-column-wrapper fusion-flex-column-wrapper-legacy\"><div class=\"fusion-text fusion-text-1\"><h2 style=\"text-align: center;\">TRENUTKI GASTRONOMIJE<\/h2>\n<\/div><div class=\"fusion-sep-clear\"><\/div><div class=\"fusion-separator fusion-has-icon fusion-full-width-sep fusion-clearfix\" style=\"float:left;margin-top:4%;margin-bottom:40px;width:100%;\"><div class=\"fusion-separator-border sep-single sep-solid\" style=\"--awb-height:20px;--awb-amount:20px;border-color:#e0dede;border-top-width:1px;\"><\/div><span class=\"icon-wrapper\" style=\"border-color:#e0dede;background-color:#ffffff;font-size:16px;width: 1.75em; height: 1.75em;border-width:1px;padding:1px;margin-top:-0.5px\"><i class=\"fa-fish fas\" style=\"font-size: inherit;color:#e0dede;\" aria-hidden=\"true\"><\/i><\/span><div class=\"fusion-separator-border sep-single sep-solid\" style=\"--awb-height:20px;--awb-amount:20px;border-color:#e0dede;border-top-width:1px;\"><\/div><\/div><div class=\"fusion-sep-clear\"><\/div><div class=\"fusion-text fusion-text-2\"><h5 style=\"text-align: center;\"><span style=\"color: #b9afa1;\"> Ustvarjalne kuharice iz notranjosti istrskega polotoka, ki iz drobtinic ustvarjajo bogato paleto jedi in skrivnosti tukaj\u0161njih \u0161epetalcev morja \u2013 ribi\u010dev, predstavljajo edinstveno, lokalno kuhinjo. <\/span><\/h5>\n<\/div><div class=\"fusion-sep-clear\"><\/div><div class=\"fusion-separator fusion-has-icon fusion-full-width-sep fusion-clearfix\" style=\"float:left;margin-top:4%;margin-bottom:40px;width:100%;\"><div class=\"fusion-separator-border sep-single sep-solid\" style=\"--awb-height:20px;--awb-amount:20px;border-color:#e0dede;border-top-width:1px;\"><\/div><span class=\"icon-wrapper\" style=\"border-color:#e0dede;background-color:#ffffff;font-size:16px;width: 1.75em; height: 1.75em;border-width:1px;padding:1px;margin-top:-0.5px\"><i class=\"fa-fish fas\" style=\"font-size: inherit;color:#e0dede;\" aria-hidden=\"true\"><\/i><\/span><div class=\"fusion-separator-border sep-single sep-solid\" style=\"--awb-height:20px;--awb-amount:20px;border-color:#e0dede;border-top-width:1px;\"><\/div><\/div><div class=\"fusion-sep-clear\"><\/div><div class=\"fusion-text fusion-text-3\"><p class=\"p1\" style=\"text-align: justify;\"><span class=\"s1\"> Prepletajo\u010da se ne\u017enost in surovost te raznolike dr\u017eave ter zgodovinski viharji so pripomogli k sedanji gastronomski ponudbi, ki je izredno bogata in vklju\u010duje tako nove kot tudi tradicionalne kombinacije avtohtonih sestavin. Tako vas na kro\u017eniku lahko presenetijo morski sade\u017ei iz modre Istre, kot npr. novigradske kape\u0161ante oz. pokrova\u010de (ena izmed najokusnej\u0161ih \u0161koljk na svetu), ostrige, sladko meso rakovice, \u0161kampi, jadranski lignji, sipe ter tudi modre in bele ribe, ki bodo kasneje krasile doma\u010de ri\u017eote ali dodale svojevrsten okus brodetu ali buzari. Tudi hrva\u0161ko kopno ne zaostaja v kvaliteti jedi. Za hladno predjed si lahko privo\u0161\u010dite najbolj\u0161i (istrski) pr\u0161ut in ov\u010dji sir, nadaljujete pa z glavno jedjo, ki bo sestavljena iz ene izmed raznih istrskih testenin: fu\u017ei, labinski krafi (istrski ravioli) in pljukanci z najbolj cenjenimi tartufi na svetu &#8211; istrskimi tartufi. <\/span><\/p>\n<\/div><div class=\"fusion-sep-clear\"><\/div><div class=\"fusion-separator fusion-full-width-sep\" style=\"margin-left: auto;margin-right: auto;margin-top:25px;width:100%;\"><\/div><div class=\"fusion-sep-clear\"><\/div><div class=\"awb-gallery-wrapper awb-gallery-wrapper-1 button-span-no\"><div style=\"margin:-5px;--awb-bordersize:0px;\" class=\"fusion-gallery fusion-gallery-container fusion-grid-3 fusion-columns-total-5 fusion-gallery-layout-grid fusion-gallery-1\"><div style=\"padding:5px;\" class=\"fusion-grid-column fusion-gallery-column fusion-gallery-column-3 hover-type-none\"><div class=\"fusion-gallery-image\"><a href=\"https:\/\/www.hotel-artecasa.hr\/wp-content\/uploads\/2018\/09\/Arte_Casa_16-1.jpg\" rel=\"noreferrer\" data-rel=\"iLightbox[gallery_image_1]\" class=\"fusion-lightbox\" target=\"_self\"><img decoding=\"async\" src=\"https:\/\/www.hotel-artecasa.hr\/wp-content\/uploads\/2018\/09\/Arte_Casa_16-1.jpg\" width=\"1500\" height=\"1000\" alt=\"\" title=\"Arte_Casa_16\" aria-label=\"Arte_Casa_16\" class=\"img-responsive wp-image-2921\" srcset=\"https:\/\/www.hotel-artecasa.hr\/wp-content\/uploads\/2018\/09\/Arte_Casa_16-1-200x133.jpg 200w, https:\/\/www.hotel-artecasa.hr\/wp-content\/uploads\/2018\/09\/Arte_Casa_16-1-400x267.jpg 400w, https:\/\/www.hotel-artecasa.hr\/wp-content\/uploads\/2018\/09\/Arte_Casa_16-1-600x400.jpg 600w, https:\/\/www.hotel-artecasa.hr\/wp-content\/uploads\/2018\/09\/Arte_Casa_16-1-800x533.jpg 800w, https:\/\/www.hotel-artecasa.hr\/wp-content\/uploads\/2018\/09\/Arte_Casa_16-1-1200x800.jpg 1200w, https:\/\/www.hotel-artecasa.hr\/wp-content\/uploads\/2018\/09\/Arte_Casa_16-1.jpg 1500w\" sizes=\"(min-width: 2200px) 100vw, (min-width: 864px) 387px, (min-width: 752px) 580px, (min-width: 640px) 752px, \" \/><\/a><\/div><\/div><div style=\"padding:5px;\" class=\"fusion-grid-column fusion-gallery-column fusion-gallery-column-3 hover-type-none\"><div class=\"fusion-gallery-image\"><a href=\"https:\/\/www.hotel-artecasa.hr\/wp-content\/uploads\/2018\/09\/Arte_Casa_27-1.jpg\" rel=\"noreferrer\" data-rel=\"iLightbox[gallery_image_1]\" class=\"fusion-lightbox\" target=\"_self\"><img decoding=\"async\" src=\"https:\/\/www.hotel-artecasa.hr\/wp-content\/uploads\/2018\/09\/Arte_Casa_27-1.jpg\" width=\"667\" height=\"1000\" alt=\"\" title=\"Arte_Casa_27\" aria-label=\"Arte_Casa_27\" class=\"img-responsive wp-image-2925\" srcset=\"https:\/\/www.hotel-artecasa.hr\/wp-content\/uploads\/2018\/09\/Arte_Casa_27-1-200x300.jpg 200w, https:\/\/www.hotel-artecasa.hr\/wp-content\/uploads\/2018\/09\/Arte_Casa_27-1-400x600.jpg 400w, https:\/\/www.hotel-artecasa.hr\/wp-content\/uploads\/2018\/09\/Arte_Casa_27-1-600x900.jpg 600w, https:\/\/www.hotel-artecasa.hr\/wp-content\/uploads\/2018\/09\/Arte_Casa_27-1.jpg 667w\" sizes=\"(min-width: 2200px) 100vw, (min-width: 864px) 387px, (min-width: 752px) 580px, (min-width: 640px) 752px, \" \/><\/a><\/div><\/div><div style=\"padding:5px;\" class=\"fusion-grid-column fusion-gallery-column fusion-gallery-column-3 hover-type-none\"><div class=\"fusion-gallery-image\"><a href=\"https:\/\/www.hotel-artecasa.hr\/wp-content\/uploads\/2018\/09\/Arte_Casa_32-1.jpg\" rel=\"noreferrer\" data-rel=\"iLightbox[gallery_image_1]\" class=\"fusion-lightbox\" target=\"_self\"><img decoding=\"async\" src=\"https:\/\/www.hotel-artecasa.hr\/wp-content\/uploads\/2018\/09\/Arte_Casa_32-1.jpg\" width=\"1500\" height=\"1000\" alt=\"\" title=\"Arte_Casa_32\" aria-label=\"Arte_Casa_32\" class=\"img-responsive wp-image-2929\" srcset=\"https:\/\/www.hotel-artecasa.hr\/wp-content\/uploads\/2018\/09\/Arte_Casa_32-1-200x133.jpg 200w, https:\/\/www.hotel-artecasa.hr\/wp-content\/uploads\/2018\/09\/Arte_Casa_32-1-400x267.jpg 400w, https:\/\/www.hotel-artecasa.hr\/wp-content\/uploads\/2018\/09\/Arte_Casa_32-1-600x400.jpg 600w, https:\/\/www.hotel-artecasa.hr\/wp-content\/uploads\/2018\/09\/Arte_Casa_32-1-800x533.jpg 800w, https:\/\/www.hotel-artecasa.hr\/wp-content\/uploads\/2018\/09\/Arte_Casa_32-1-1200x800.jpg 1200w, https:\/\/www.hotel-artecasa.hr\/wp-content\/uploads\/2018\/09\/Arte_Casa_32-1.jpg 1500w\" sizes=\"(min-width: 2200px) 100vw, (min-width: 864px) 387px, (min-width: 752px) 580px, (min-width: 640px) 752px, \" \/><\/a><\/div><\/div><div class=\"clearfix\"><\/div><div style=\"padding:5px;\" class=\"fusion-grid-column fusion-gallery-column fusion-gallery-column-3 hover-type-none\"><div class=\"fusion-gallery-image\"><a href=\"https:\/\/www.hotel-artecasa.hr\/wp-content\/uploads\/2018\/09\/Arte_Casa_45.jpg\" rel=\"noreferrer\" data-rel=\"iLightbox[gallery_image_1]\" class=\"fusion-lightbox\" target=\"_self\"><img decoding=\"async\" src=\"https:\/\/www.hotel-artecasa.hr\/wp-content\/uploads\/2018\/09\/Arte_Casa_45.jpg\" width=\"667\" height=\"1000\" alt=\"\" title=\"Arte_Casa_45\" aria-label=\"Arte_Casa_45\" class=\"img-responsive wp-image-2933\" srcset=\"https:\/\/www.hotel-artecasa.hr\/wp-content\/uploads\/2018\/09\/Arte_Casa_45-200x300.jpg 200w, https:\/\/www.hotel-artecasa.hr\/wp-content\/uploads\/2018\/09\/Arte_Casa_45-400x600.jpg 400w, https:\/\/www.hotel-artecasa.hr\/wp-content\/uploads\/2018\/09\/Arte_Casa_45-600x900.jpg 600w, https:\/\/www.hotel-artecasa.hr\/wp-content\/uploads\/2018\/09\/Arte_Casa_45.jpg 667w\" sizes=\"(min-width: 2200px) 100vw, (min-width: 864px) 387px, (min-width: 752px) 580px, (min-width: 640px) 752px, \" \/><\/a><\/div><\/div><div style=\"padding:5px;\" class=\"fusion-grid-column fusion-gallery-column fusion-gallery-column-3 hover-type-none\"><div class=\"fusion-gallery-image\"><a href=\"https:\/\/www.hotel-artecasa.hr\/wp-content\/uploads\/2018\/09\/Arte_Casa_50-1.jpg\" rel=\"noreferrer\" data-rel=\"iLightbox[gallery_image_1]\" class=\"fusion-lightbox\" target=\"_self\"><img decoding=\"async\" src=\"https:\/\/www.hotel-artecasa.hr\/wp-content\/uploads\/2018\/09\/Arte_Casa_50-1.jpg\" width=\"667\" height=\"916\" alt=\"\" title=\"Arte_Casa_50\" aria-label=\"Arte_Casa_50\" class=\"img-responsive wp-image-2942\" srcset=\"https:\/\/www.hotel-artecasa.hr\/wp-content\/uploads\/2018\/09\/Arte_Casa_50-1-200x275.jpg 200w, https:\/\/www.hotel-artecasa.hr\/wp-content\/uploads\/2018\/09\/Arte_Casa_50-1-400x549.jpg 400w, https:\/\/www.hotel-artecasa.hr\/wp-content\/uploads\/2018\/09\/Arte_Casa_50-1-600x824.jpg 600w, https:\/\/www.hotel-artecasa.hr\/wp-content\/uploads\/2018\/09\/Arte_Casa_50-1.jpg 667w\" sizes=\"(min-width: 2200px) 100vw, (min-width: 864px) 387px, (min-width: 752px) 580px, (min-width: 640px) 752px, \" \/><\/a><\/div><\/div><\/div><\/div><div class=\"fusion-sep-clear\"><\/div><div class=\"fusion-separator fusion-full-width-sep\" style=\"margin-left: auto;margin-right: auto;margin-top:25px;width:100%;\"><\/div><div class=\"fusion-sep-clear\"><\/div><div class=\"fusion-text fusion-text-4\"><p class=\"p1\" style=\"text-align: justify;\"><span class=\"s1\"> Poseben del ponudbe so mesne specialitete, npr. posebna istrska govedina &#8211; bo\u0161karin, ombolo ali \u010drepnja (hrana izpod peke), omeniti pa je potrebno tudi doma\u010do mine\u0161tro. Nepogre\u0161ljiv del hrva\u0161ke kuhinje so tudi plodovi zelene Istre, ki med drugim izra\u017eajo neprecenljiv okus olivnega olja, divjih zeli\u0161\u010d in \u0161pargljev, ter grozdje, iz katerega nastaja malvazija, teran in mu\u0161kat \u2013 najbolj znana istrska vina. Tako kot ostalih delikates pa ne smete prezreti tudi \u017ee prej omenjenih tartufov, diamantov istrske zemlje in gastronomije. <\/span><\/p>\n<\/div><div class=\"fusion-clearfix\"><\/div><\/div><\/div><\/div><\/div><div class=\"fusion-bg-parallax\" data-bg-align=\"left top\" data-direction=\"up\" data-mute=\"false\" data-opacity=\"100\" data-velocity=\"-0.2\" data-mobile-enabled=\"false\" data-break_parents=\"0\" data-bg-image=\"https:\/\/www.hotel-artecasa.hr\/wp-content\/uploads\/2018\/06\/ptb_cta-new.jpg\" data-bg-repeat=\"false\" data-bg-color=\"#5c5b5c\" ><\/div><div class=\"fusion-fullwidth fullwidth-box fusion-builder-row-2 fusion-parallax-up nonhundred-percent-fullwidth non-hundred-percent-height-scrolling fusion-equal-height-columns\" style=\"--awb-background-position:left top;--awb-border-radius-top-left:0px;--awb-border-radius-top-right:0px;--awb-border-radius-bottom-right:0px;--awb-border-radius-bottom-left:0px;--awb-padding-top:100px;--awb-padding-bottom:85px;--awb-background-color:#5c5b5c;--awb-background-image:url(&quot;https:\/\/www.hotel-artecasa.hr\/wp-content\/uploads\/2018\/06\/ptb_cta-new.jpg&quot;);--awb-background-size:cover;--awb-border-sizes-top:0px;--awb-border-sizes-bottom:0px;--awb-flex-wrap:wrap;\" ><div class=\"fusion-builder-row fusion-row\"><div class=\"fusion-layout-column fusion_builder_column fusion-builder-column-1 fusion_builder_column_1_6 1_6 fusion-one-sixth fusion-column-first\" style=\"--awb-bg-size:cover;width:16.666666666667%;width:calc(16.666666666667% - ( ( 4% + 4% ) * 0.16666666666667 ) );margin-right: 4%;\"><div class=\"fusion-column-wrapper fusion-flex-column-wrapper-legacy\"><div class=\"fusion-column-content-centered\"><div class=\"fusion-column-content\"><div class=\"fusion-counters-box counters-box row fusion-clearfix fusion-columns-1\" style=\"--awb-body-color:#ffffff;--awb-border-color:#b9afa1;--awb-color:#ffffff;--awb-title-size:62;--awb-border-color:#b9afa1;\"><div class=\"fusion-counter-box fusion-column col-counter-box counter-box-wrapper col-lg-12 col-md-12 col-sm-12\" data-animationOffset=\"top-into-view\"><div class=\"counter-box-container\"><div class=\"content-box-percentage content-box-counter\"><span class=\"display-counter\" data-value=\"100\" data-direction=\"up\" data-decimals=\"0\">0<\/span><span class=\"unit\">%<\/span><\/div><div class=\"counter-box-content\">U\u017dITEK<\/div><\/div><\/div><\/div><div class=\"clearfix\"><\/div><\/div><\/div><div class=\"fusion-clearfix\"><\/div><\/div><\/div><div class=\"fusion-layout-column fusion_builder_column fusion-builder-column-2 fusion_builder_column_2_3 2_3 fusion-two-third\" style=\"--awb-bg-size:cover;--awb-margin-bottom:10px;width:66.666666666667%;width:calc(66.666666666667% - ( ( 4% + 4% ) * 0.66666666666667 ) );margin-right: 4%;\"><div class=\"fusion-column-wrapper fusion-flex-column-wrapper-legacy\"><div class=\"fusion-column-content-centered\"><div class=\"fusion-column-content\"><div class=\"fusion-text fusion-text-5\"><h4 style=\"font-size: 30px; line-height: 1.4em; letter-spacing: -1px;\"><span style=\"color: #ffffff;\"> Vzemite si \u010das zase in si privo\u0161\u010dite po\u010ditnice, ki si jih zaslu\u017eite. <\/span><\/h4>\n<\/div><div class=\"fusion-text fusion-text-6\"><p><span style=\"color: #ffffff;\"> U\u017eivajte v specialitetah, udobnosti na\u0161ega hotela in \u010dudoviti istrski pokrajini. <\/span><\/p>\n<\/div><\/div><\/div><div class=\"fusion-clearfix\"><\/div><\/div><\/div><div class=\"fusion-layout-column fusion_builder_column fusion-builder-column-3 fusion_builder_column_1_6 1_6 fusion-one-sixth fusion-column-last\" style=\"--awb-bg-size:cover;--awb-margin-top:10px;width:16.666666666667%;width:calc(16.666666666667% - ( ( 4% + 4% ) * 0.16666666666667 ) );\"><div class=\"fusion-column-wrapper fusion-flex-column-wrapper-legacy\"><div class=\"fusion-column-content-centered\"><div class=\"fusion-column-content\"><div class=\"fusion-alignleft\"><a class=\"fusion-button button-flat fusion-button-default-size button-custom fusion-button-default button-1 fusion-button-default-span fusion-button-default-type\" style=\"--button_accent_color:#ffffff;--button_accent_hover_color:#ffffff;--button_border_hover_color:#ffffff;--button_gradient_top_color:#000000;--button_gradient_bottom_color:#000000;--button_gradient_top_color_hover:#03a9f4;--button_gradient_bottom_color_hover:#03a9f4;\" target=\"_self\" href=\"https:\/\/www.hotel-artecasa.hr\/hr\/book-now\/\"><span class=\"fusion-button-text awb-button__text awb-button__text--default\">REZERVIRAJTE ZDAJ<\/span><\/a><\/div><\/div><\/div><div class=\"fusion-clearfix\"><\/div><\/div><\/div><\/div><\/div>\n<\/p>\n","protected":false},"excerpt":{"rendered":"","protected":false},"author":1,"featured_media":0,"parent":0,"menu_order":0,"comment_status":"closed","ping_status":"closed","template":"100-width.php","meta":{"footnotes":""},"class_list":["post-3594","page","type-page","status-publish","hentry"],"yoast_head":"<!-- This site is optimized with the Yoast SEO plugin v27.3 - https:\/\/yoast.com\/product\/yoast-seo-wordpress\/ -->\n<title>TRENUTKI GASTRONOMIJE - Hotel Arte Casa<\/title>\n<meta name=\"robots\" content=\"index, follow, max-snippet:-1, max-image-preview:large, max-video-preview:-1\" \/>\n<link rel=\"canonical\" href=\"https:\/\/www.hotel-artecasa.hr\/gastro\/\" \/>\n<meta property=\"og:locale\" content=\"sl_SI\" \/>\n<meta property=\"og:type\" content=\"article\" \/>\n<meta property=\"og:title\" content=\"TRENUTKI GASTRONOMIJE - Hotel Arte Casa\" \/>\n<meta property=\"og:url\" content=\"https:\/\/www.hotel-artecasa.hr\/gastro\/\" \/>\n<meta property=\"og:site_name\" content=\"Hotel Arte Casa\" \/>\n<meta property=\"article:modified_time\" content=\"2019-05-22T12:01:00+00:00\" \/>\n<meta name=\"twitter:card\" content=\"summary_large_image\" \/>\n<meta name=\"twitter:label1\" content=\"Est. reading time\" \/>\n\t<meta name=\"twitter:data1\" content=\"4 minute\" \/>\n<script type=\"application\/ld+json\" class=\"yoast-schema-graph\">{\"@context\":\"https:\\\/\\\/schema.org\",\"@graph\":[{\"@type\":\"WebPage\",\"@id\":\"https:\\\/\\\/www.hotel-artecasa.hr\\\/gastro\\\/\",\"url\":\"https:\\\/\\\/www.hotel-artecasa.hr\\\/gastro\\\/\",\"name\":\"TRENUTKI GASTRONOMIJE - Hotel Arte Casa\",\"isPartOf\":{\"@id\":\"https:\\\/\\\/www.hotel-artecasa.hr\\\/#website\"},\"datePublished\":\"2018-04-23T19:24:24+00:00\",\"dateModified\":\"2019-05-22T12:01:00+00:00\",\"breadcrumb\":{\"@id\":\"https:\\\/\\\/www.hotel-artecasa.hr\\\/gastro\\\/#breadcrumb\"},\"inLanguage\":\"sl-SI\",\"potentialAction\":[{\"@type\":\"ReadAction\",\"target\":[\"https:\\\/\\\/www.hotel-artecasa.hr\\\/gastro\\\/\"]}]},{\"@type\":\"BreadcrumbList\",\"@id\":\"https:\\\/\\\/www.hotel-artecasa.hr\\\/gastro\\\/#breadcrumb\",\"itemListElement\":[{\"@type\":\"ListItem\",\"position\":1,\"name\":\"Po\u010detna stranica\",\"item\":\"https:\\\/\\\/www.hotel-artecasa.hr\\\/\"},{\"@type\":\"ListItem\",\"position\":2,\"name\":\"TRENUTKI GASTRONOMIJE\"}]},{\"@type\":\"WebSite\",\"@id\":\"https:\\\/\\\/www.hotel-artecasa.hr\\\/#website\",\"url\":\"https:\\\/\\\/www.hotel-artecasa.hr\\\/\",\"name\":\"Hotel Arte Casa\",\"description\":\"a charming small hotel\",\"potentialAction\":[{\"@type\":\"SearchAction\",\"target\":{\"@type\":\"EntryPoint\",\"urlTemplate\":\"https:\\\/\\\/www.hotel-artecasa.hr\\\/?s={search_term_string}\"},\"query-input\":{\"@type\":\"PropertyValueSpecification\",\"valueRequired\":true,\"valueName\":\"search_term_string\"}}],\"inLanguage\":\"sl-SI\"}]}<\/script>\n<!-- \/ Yoast SEO plugin. -->","yoast_head_json":{"title":"TRENUTKI GASTRONOMIJE - Hotel Arte Casa","robots":{"index":"index","follow":"follow","max-snippet":"max-snippet:-1","max-image-preview":"max-image-preview:large","max-video-preview":"max-video-preview:-1"},"canonical":"https:\/\/www.hotel-artecasa.hr\/gastro\/","og_locale":"sl_SI","og_type":"article","og_title":"TRENUTKI GASTRONOMIJE - Hotel Arte Casa","og_url":"https:\/\/www.hotel-artecasa.hr\/gastro\/","og_site_name":"Hotel Arte Casa","article_modified_time":"2019-05-22T12:01:00+00:00","twitter_card":"summary_large_image","twitter_misc":{"Est. reading time":"4 minute"},"schema":{"@context":"https:\/\/schema.org","@graph":[{"@type":"WebPage","@id":"https:\/\/www.hotel-artecasa.hr\/gastro\/","url":"https:\/\/www.hotel-artecasa.hr\/gastro\/","name":"TRENUTKI GASTRONOMIJE - Hotel Arte Casa","isPartOf":{"@id":"https:\/\/www.hotel-artecasa.hr\/#website"},"datePublished":"2018-04-23T19:24:24+00:00","dateModified":"2019-05-22T12:01:00+00:00","breadcrumb":{"@id":"https:\/\/www.hotel-artecasa.hr\/gastro\/#breadcrumb"},"inLanguage":"sl-SI","potentialAction":[{"@type":"ReadAction","target":["https:\/\/www.hotel-artecasa.hr\/gastro\/"]}]},{"@type":"BreadcrumbList","@id":"https:\/\/www.hotel-artecasa.hr\/gastro\/#breadcrumb","itemListElement":[{"@type":"ListItem","position":1,"name":"Po\u010detna stranica","item":"https:\/\/www.hotel-artecasa.hr\/"},{"@type":"ListItem","position":2,"name":"TRENUTKI GASTRONOMIJE"}]},{"@type":"WebSite","@id":"https:\/\/www.hotel-artecasa.hr\/#website","url":"https:\/\/www.hotel-artecasa.hr\/","name":"Hotel Arte Casa","description":"a charming small hotel","potentialAction":[{"@type":"SearchAction","target":{"@type":"EntryPoint","urlTemplate":"https:\/\/www.hotel-artecasa.hr\/?s={search_term_string}"},"query-input":{"@type":"PropertyValueSpecification","valueRequired":true,"valueName":"search_term_string"}}],"inLanguage":"sl-SI"}]}},"_links":{"self":[{"href":"https:\/\/www.hotel-artecasa.hr\/sl\/wp-json\/wp\/v2\/pages\/3594","targetHints":{"allow":["GET"]}}],"collection":[{"href":"https:\/\/www.hotel-artecasa.hr\/sl\/wp-json\/wp\/v2\/pages"}],"about":[{"href":"https:\/\/www.hotel-artecasa.hr\/sl\/wp-json\/wp\/v2\/types\/page"}],"author":[{"embeddable":true,"href":"https:\/\/www.hotel-artecasa.hr\/sl\/wp-json\/wp\/v2\/users\/1"}],"replies":[{"embeddable":true,"href":"https:\/\/www.hotel-artecasa.hr\/sl\/wp-json\/wp\/v2\/comments?post=3594"}],"version-history":[{"count":4,"href":"https:\/\/www.hotel-artecasa.hr\/sl\/wp-json\/wp\/v2\/pages\/3594\/revisions"}],"predecessor-version":[{"id":3682,"href":"https:\/\/www.hotel-artecasa.hr\/sl\/wp-json\/wp\/v2\/pages\/3594\/revisions\/3682"}],"wp:attachment":[{"href":"https:\/\/www.hotel-artecasa.hr\/sl\/wp-json\/wp\/v2\/media?parent=3594"}],"curies":[{"name":"wp","href":"https:\/\/api.w.org\/{rel}","templated":true}]}}