{"id":3589,"date":"2016-08-02T11:03:38","date_gmt":"2016-08-02T11:03:38","guid":{"rendered":"https:\/\/www.hotel-artecasa.hr\/home\/"},"modified":"2019-07-15T00:40:20","modified_gmt":"2019-07-14T22:40:20","slug":"home","status":"publish","type":"page","link":"https:\/\/www.hotel-artecasa.hr\/sl\/","title":{"rendered":"Home"},"content":{"rendered":"<p><div class=\"fusion-fullwidth fullwidth-box fusion-builder-row-1 nonhundred-percent-fullwidth non-hundred-percent-height-scrolling\" style=\"--awb-background-position:left top;--awb-border-radius-top-left:0px;--awb-border-radius-top-right:0px;--awb-border-radius-bottom-right:0px;--awb-border-radius-bottom-left:0px;--awb-padding-top:8%;--awb-padding-bottom:4%;--awb-border-sizes-top:0px;--awb-border-sizes-bottom:0px;--awb-flex-wrap:wrap;\" ><div class=\"fusion-builder-row fusion-row\"><div class=\"fusion-layout-column fusion_builder_column fusion-builder-column-0 fusion_builder_column_1_6 1_6 fusion-one-sixth fusion-column-first fusion-no-small-visibility\" style=\"--awb-bg-size:cover;width:13.3333%; margin-right: 4%;\"><div class=\"fusion-column-wrapper fusion-flex-column-wrapper-legacy\"><div class=\"fusion-clearfix\"><\/div><\/div><\/div><div class=\"fusion-layout-column fusion_builder_column fusion-builder-column-1 fusion_builder_column_2_3 2_3 fusion-two-third\" style=\"--awb-bg-size:cover;width:65.3333%; margin-right: 4%;\"><div class=\"fusion-column-wrapper fusion-flex-column-wrapper-legacy\"><div class=\"fusion-text fusion-text-1\"><h2 style=\"text-align: center;\">Dragi gostje in bodo\u010di prijatelji,<\/h2>\n<\/div><div class=\"fusion-fa-align-center\"><i class=\"fb-icon-element-1 fb-icon-element fontawesome-icon fa-envira fab circle-no fa-flip-horizontal\" style=\"--awb-iconcolor:#b9afa1;--awb-iconcolor-hover:#b9afa1;--awb-circlecolor:rgba(255,255,255,0);--awb-font-size:34px;--awb-margin-bottom:30px;\"><\/i><\/div><div class=\"fusion-text fusion-text-2\"><h5 style=\"text-align: center;\"><span style=\"color: #b9afa1;\"> odprtih rok in s \u0161irokim nasmehom vas pozdravljamo v na\u0161i mediteranski oazi. <\/span><\/h5>\n<\/div><div class=\"fusion-sep-clear\"><\/div><div class=\"fusion-separator\" style=\"margin-left: auto;margin-right: auto;margin-top:10px;margin-bottom:40px;width:100%;max-width:80px;\"><div class=\"fusion-separator-border sep-single sep-solid\" style=\"--awb-height:20px;--awb-amount:20px;--awb-sep-color:#b9afa1;border-color:#b9afa1;border-top-width:1px;\"><\/div><\/div><div class=\"fusion-sep-clear\"><\/div><div class=\"fusion-text fusion-text-3\"><p style=\"text-align: justify;\">Nahajamo se blizu \u010darobnega, sinje modrega Jadranskega morja in sijajne ponudbe mesta Umaga, kjer lahko vsak najde svojo zlato ribico in uresni\u010di sanje o popolnih po\u010ditnicah. V Hotelu Arte Casa boste iz prve roke imeli prilo\u017enost spoznati blago naravo istrskega duha, s katerim poskrbimo, da vas ob\u010dutek dobrodo\u0161lice spremlja vsak trenutek va\u0161ega bivanja v na\u0161em hotelu in na istrskem polotoku. Z zaupanjem in pozornostjo, ki temelji na dru\u017einskem vzdu\u0161ju in profesionalnem gostoljubju, \u017eelimo, da v Hotelu Arte Casa pozdravite svoje telo in du\u0161o ter s seboj domov odnesete tako lepe spomine kot tudi \u017eeljo po vrnitvi.<\/p>\n<\/div><div class=\"fusion-sep-clear\"><\/div><div class=\"fusion-separator fusion-full-width-sep\" style=\"margin-left: auto;margin-right: auto;margin-top:30px;width:100%;\"><\/div><div class=\"fusion-sep-clear\"><\/div><div class=\"fusion-aligncenter\"><a class=\"fusion-button button-flat fusion-button-default-size button-custom fusion-button-default button-1 fusion-button-default-span fusion-button-default-type\" style=\"--button_accent_color:#b9afa1;--button_accent_hover_color:#33a7b9;--button_border_hover_color:#33a7b9;--button_border_width-top:2px;--button_border_width-right:2px;--button_border_width-bottom:2px;--button_border_width-left:2px;--button_gradient_top_color:rgba(255,255,255,0);--button_gradient_bottom_color:rgba(255,255,255,0);--button_gradient_top_color_hover:rgba(255,255,255,0);--button_gradient_bottom_color_hover:rgba(255,255,255,0);\" target=\"_self\" href=\"https:\/\/www.hotel-artecasa.hr\/sl\/about\/\"><span class=\"fusion-button-text awb-button__text awb-button__text--default\">VE\u010c<\/span><\/a><\/div><div class=\"fusion-clearfix\"><\/div><\/div><\/div><div class=\"fusion-layout-column fusion_builder_column fusion-builder-column-2 fusion_builder_column_1_6 1_6 fusion-one-sixth fusion-column-last fusion-no-small-visibility\" style=\"--awb-bg-size:cover;width:13.3333%;\"><div class=\"fusion-column-wrapper fusion-flex-column-wrapper-legacy\"><div class=\"fusion-clearfix\"><\/div><\/div><\/div><\/div><\/div><div class=\"fusion-fullwidth fullwidth-box fusion-builder-row-2 nonhundred-percent-fullwidth non-hundred-percent-height-scrolling\" style=\"--awb-border-radius-top-left:0px;--awb-border-radius-top-right:0px;--awb-border-radius-bottom-right:0px;--awb-border-radius-bottom-left:0px;--awb-padding-bottom:10px;--awb-flex-wrap:wrap;\" ><div class=\"fusion-builder-row fusion-row\"><div class=\"fusion-layout-column fusion_builder_column fusion-builder-column-3 fusion_builder_column_1_5 1_5 fusion-one-fifth fusion-column-first fusion-animated\" style=\"--awb-bg-size:cover;width:20%;width:calc(20% - ( ( 4% + 4% + 4% + 4% ) * 0.2 ) );margin-right: 4%;\" data-animationType=\"fadeInDown\" data-animationDuration=\"0.6\" data-animationOffset=\"top-into-view\"><div class=\"fusion-column-wrapper fusion-flex-column-wrapper-legacy\"><div class=\"fusion-fa-align-center\"><i class=\"fb-icon-element-2 fb-icon-element fontawesome-icon fa-coffee fas circle-no fa-flip-horizontal\" style=\"--awb-iconcolor:#b9afa1;--awb-iconcolor-hover:#b9afa1;--awb-circlecolor:#b9afa1;--awb-font-size:58px;--awb-margin-bottom:20px;\"><\/i><\/div><div class=\"fusion-text fusion-text-4\"><h6 style=\"text-align: center;\">Zajtrk<\/h6>\n<\/div><div class=\"fusion-clearfix\"><\/div><\/div><\/div><div class=\"fusion-layout-column fusion_builder_column fusion-builder-column-4 fusion_builder_column_1_5 1_5 fusion-one-fifth fusion-animated\" style=\"--awb-bg-size:cover;width:20%;width:calc(20% - ( ( 4% + 4% + 4% + 4% ) * 0.2 ) );margin-right: 4%;\" data-animationType=\"fadeInUp\" data-animationDuration=\"0.6\" data-animationOffset=\"top-into-view\"><div class=\"fusion-column-wrapper fusion-flex-column-wrapper-legacy\"><div class=\"fusion-sep-clear\"><\/div><div class=\"fusion-separator fusion-no-small-visibility fusion-full-width-sep\" style=\"margin-left: auto;margin-right: auto;margin-top:60px;width:100%;\"><\/div><div class=\"fusion-sep-clear\"><\/div><div class=\"fusion-fa-align-center\"><i class=\"fb-icon-element-3 fb-icon-element fontawesome-icon fa fa-smile-o circle-no\" style=\"--awb-iconcolor:#b9afa1;--awb-iconcolor-hover:#b9afa1;--awb-circlecolor:rgba(255,255,255,0);--awb-font-size:58px;--awb-margin-bottom:20px;\"><\/i><\/div><div class=\"fusion-text fusion-text-5\"><h6 style=\"text-align: center;\">Ugodno okolje<\/h6>\n<\/div><div class=\"fusion-clearfix\"><\/div><\/div><\/div><div class=\"fusion-layout-column fusion_builder_column fusion-builder-column-5 fusion_builder_column_1_5 1_5 fusion-one-fifth fusion-animated\" style=\"--awb-bg-size:cover;width:20%;width:calc(20% - ( ( 4% + 4% + 4% + 4% ) * 0.2 ) );margin-right: 4%;\" data-animationType=\"fadeInDown\" data-animationDuration=\"0.6\" data-animationOffset=\"top-into-view\"><div class=\"fusion-column-wrapper fusion-flex-column-wrapper-legacy\"><div class=\"fusion-fa-align-center\"><i class=\"fb-icon-element-4 fb-icon-element fontawesome-icon fa fa-heart circle-no\" style=\"--awb-iconcolor:#b9afa1;--awb-iconcolor-hover:#b9afa1;--awb-circlecolor:rgba(255,255,255,0);--awb-font-size:58px;--awb-margin-bottom:20px;\"><\/i><\/div><div class=\"fusion-text fusion-text-6\"><h6 style=\"text-align: center;\">Sprostitev<\/h6>\n<\/div><div class=\"fusion-clearfix\"><\/div><\/div><\/div><div class=\"fusion-layout-column fusion_builder_column fusion-builder-column-6 fusion_builder_column_1_5 1_5 fusion-one-fifth fusion-animated\" style=\"--awb-bg-size:cover;width:20%;width:calc(20% - ( ( 4% + 4% + 4% + 4% ) * 0.2 ) );margin-right: 4%;\" data-animationType=\"fadeInUp\" data-animationDuration=\"0.6\" data-animationOffset=\"top-into-view\"><div class=\"fusion-column-wrapper fusion-flex-column-wrapper-legacy\"><div class=\"fusion-sep-clear\"><\/div><div class=\"fusion-separator fusion-no-small-visibility fusion-full-width-sep\" style=\"margin-left: auto;margin-right: auto;margin-top:60px;width:100%;\"><\/div><div class=\"fusion-sep-clear\"><\/div><div class=\"fusion-fa-align-center\"><i class=\"fb-icon-element-5 fb-icon-element fontawesome-icon fa-utensils fas circle-no\" style=\"--awb-iconcolor:#b9afa1;--awb-iconcolor-hover:#b9afa1;--awb-circlecolor:rgba(255,255,255,0);--awb-font-size:58px;--awb-margin-bottom:20px;\"><\/i><\/div><div class=\"fusion-text fusion-text-7\"><h6 style=\"text-align: center;\">Doma\u010de specialitete<\/h6>\n<\/div><div class=\"fusion-clearfix\"><\/div><\/div><\/div><div class=\"fusion-layout-column fusion_builder_column fusion-builder-column-7 fusion_builder_column_1_5 1_5 fusion-one-fifth fusion-column-last fusion-animated\" style=\"--awb-bg-size:cover;width:20%;width:calc(20% - ( ( 4% + 4% + 4% + 4% ) * 0.2 ) );\" data-animationType=\"fadeInDown\" data-animationDuration=\"0.6\" data-animationOffset=\"top-into-view\"><div class=\"fusion-column-wrapper fusion-flex-column-wrapper-legacy\"><div class=\"fusion-fa-align-center\"><i class=\"fb-icon-element-6 fb-icon-element fontawesome-icon fa-location-arrow fas circle-no\" style=\"--awb-iconcolor:#b9afa1;--awb-iconcolor-hover:#b9afa1;--awb-circlecolor:rgba(255,255,255,0);--awb-font-size:58px;--awb-margin-bottom:20px;\"><\/i><\/div><div class=\"fusion-text fusion-text-8\"><h6 style=\"text-align: center;\">Bli\u017eina vseh vsebin in storitev<\/h6>\n<\/div><div class=\"fusion-clearfix\"><\/div><\/div><\/div><\/div><\/div><div class=\"fusion-fullwidth fullwidth-box fusion-builder-row-3 nonhundred-percent-fullwidth non-hundred-percent-height-scrolling\" style=\"--awb-border-radius-top-left:0px;--awb-border-radius-top-right:0px;--awb-border-radius-bottom-right:0px;--awb-border-radius-bottom-left:0px;--awb-padding-bottom:30px;--awb-background-color:#f9f9f9;--awb-flex-wrap:wrap;\" ><div class=\"fusion-builder-row fusion-row\"><div class=\"fusion-layout-column fusion_builder_column fusion-builder-column-8 fusion_builder_column_1_1 1_1 fusion-one-full fusion-column-first fusion-column-last\" style=\"--awb-bg-size:cover;\"><div class=\"fusion-column-wrapper fusion-flex-column-wrapper-legacy\"><div class=\"fusion-section-separator section-separator big-half-circle fusion-section-separator-1\" style=\"--awb-spacer-height:99px;--awb-svg-margin-left:0;--awb-svg-margin-right:0;--awb-divider-height:99px;--awb-spacer-padding-top:inherit;--awb-sep-padding:0;--awb-svg-padding:0;\"><div class=\"fusion-section-separator-svg\"><svg class=\"fusion-big-half-circle-candy\" xmlns=\"http:\/\/www.w3.org\/2000\/svg\" version=\"1.1\" width=\"100%\" height=\"100\" viewBox=\"0 0 100 100\" preserveAspectRatio=\"none\" fill=\"rgba(255,255,255,1)\"><path d=\"M0 0 C55 180 100 0 100 0 Z\"><\/path><\/svg><\/div><div class=\"fusion-section-separator-spacer\"><div class=\"fusion-section-separator-spacer-height\"><\/div><\/div><\/div><div class=\"fusion-clearfix\"><\/div><\/div><\/div><\/div><\/div><div class=\"fusion-fullwidth fullwidth-box fusion-builder-row-4 nonhundred-percent-fullwidth non-hundred-percent-height-scrolling fusion-equal-height-columns\" style=\"--awb-background-position:left top;--awb-border-radius-top-left:0px;--awb-border-radius-top-right:0px;--awb-border-radius-bottom-right:0px;--awb-border-radius-bottom-left:0px;--awb-padding-top:6%;--awb-padding-bottom:7%;--awb-background-color:#f9f9f9;--awb-border-sizes-top:0px;--awb-border-sizes-bottom:0px;--awb-flex-wrap:wrap;\" ><div class=\"fusion-builder-row fusion-row\"><div class=\"fusion-layout-column fusion_builder_column fusion-builder-column-9 fusion_builder_column_3_5 3_5 fusion-three-fifth fusion-column-first\" style=\"--awb-bg-size:cover;--awb-margin-bottom:30px;width:60%;width:calc(60% - ( ( 8% ) * 0.6 ) );margin-right: 8%;\"><div class=\"fusion-column-wrapper fusion-flex-column-wrapper-legacy\"><div class=\"fusion-image-element fusion-image-align-center in-legacy-container\" style=\"text-align:center;--awb-caption-title-font-family:var(--h2_typography-font-family);--awb-caption-title-font-weight:var(--h2_typography-font-weight);--awb-caption-title-font-style:var(--h2_typography-font-style);--awb-caption-title-size:var(--h2_typography-font-size);--awb-caption-title-transform:var(--h2_typography-text-transform);--awb-caption-title-line-height:var(--h2_typography-line-height);--awb-caption-title-letter-spacing:var(--h2_typography-letter-spacing);\"><div class=\"imageframe-align-center\"><span class=\" fusion-imageframe imageframe-dropshadow imageframe-1 hover-type-zoomin fusion-animated\" style=\"border:32px solid #ffffff;-webkit-box-shadow: 3px 3px 7px rgba(93,88,82,0.3);box-shadow: 3px 3px 7px rgba(93,88,82,0.3);\" data-animationType=\"fadeInLeft\" data-animationDuration=\"0.6\" data-animationOffset=\"top-into-view\"><img decoding=\"async\" width=\"1100\" height=\"1438\" title=\"Pogled2\" src=\"https:\/\/www.hotel-artecasa.hr\/wp-content\/uploads\/2018\/09\/Pogled2.jpg\" alt class=\"img-responsive wp-image-3689\" srcset=\"https:\/\/www.hotel-artecasa.hr\/wp-content\/uploads\/2018\/09\/Pogled2-200x261.jpg 200w, https:\/\/www.hotel-artecasa.hr\/wp-content\/uploads\/2018\/09\/Pogled2-400x523.jpg 400w, https:\/\/www.hotel-artecasa.hr\/wp-content\/uploads\/2018\/09\/Pogled2-600x784.jpg 600w, https:\/\/www.hotel-artecasa.hr\/wp-content\/uploads\/2018\/09\/Pogled2-800x1046.jpg 800w, https:\/\/www.hotel-artecasa.hr\/wp-content\/uploads\/2018\/09\/Pogled2.jpg 1100w\" sizes=\"(max-width: 1024px) 100vw, 800px\" \/><\/span><\/div><\/div><div class=\"fusion-clearfix\"><\/div><\/div><\/div><div class=\"fusion-layout-column fusion_builder_column fusion-builder-column-10 fusion_builder_column_2_5 2_5 fusion-two-fifth fusion-column-last\" style=\"--awb-bg-size:cover;--awb-margin-top:30px;--awb-margin-bottom:30px;width:40%;width:calc(40% - ( ( 8% ) * 0.4 ) );\"><div class=\"fusion-column-wrapper fusion-flex-column-wrapper-legacy\"><div class=\"fusion-column-content-centered\"><div class=\"fusion-column-content\"><div class=\"fusion-text fusion-text-9\"><h2>Sprostite se<\/h2>\n<\/div><div class=\"fusion-text fusion-text-10\"><p style=\"text-align: justify;\">Bogato opremljene in sodobno urejene sobe Hotela Arte Casa ustvarjajo ob\u010dutek pravega razko\u0161ja, hkrati pa se lahko v le-teh sprostite kot v lastnem domu. Hrepenenje po lastni postelji bo popolnoma izginilo takoj, ko se boste nastanili v eni izmed na\u0161ih sob. Tukaj boste namre\u010d do\u017eiveli jutra, obogatena z vonjem morja, ki ga boste lahko videli skozi va\u0161e okno. Da se boste prepustili temu privla\u010dnemu, sredozemskemu vzdu\u0161ju, pa vam ne bo treba \u010dakati na pla\u017eo, ampak ga boste lahko v ve\u010dini sob do\u017eiveli tudi s preprostim sprehodom po terasi.<\/p>\n<\/div><div class=\"fusion-sep-clear\"><\/div><div class=\"fusion-separator fusion-full-width-sep\" style=\"margin-left: auto;margin-right: auto;margin-top:20px;margin-bottom:20px;width:100%;\"><\/div><div class=\"fusion-sep-clear\"><\/div><div class=\"fusion-button-wrapper\"><a class=\"fusion-button button-flat fusion-button-default-size button-custom fusion-button-default button-2 fusion-button-default-span fusion-button-default-type\" style=\"--button_accent_color:#b9afa1;--button_accent_hover_color:#03a9f4;--button_border_hover_color:#03a9f4;--button_border_width-top:2px;--button_border_width-right:2px;--button_border_width-bottom:2px;--button_border_width-left:2px;--button_gradient_top_color:rgba(255,255,255,0);--button_gradient_bottom_color:rgba(255,255,255,0);--button_gradient_top_color_hover:rgba(255,255,255,0);--button_gradient_bottom_color_hover:rgba(255,255,255,0);\" target=\"_self\" href=\"https:\/\/www.hotel-artecasa.hr\/sl\/sobe\/\"><span class=\"fusion-button-text awb-button__text awb-button__text--default\">VE\u010c<\/span><\/a><\/div><\/div><\/div><div class=\"fusion-clearfix\"><\/div><\/div><\/div><\/div><\/div><div class=\"fusion-bg-parallax\" data-bg-align=\"left top\" data-direction=\"up\" data-mute=\"false\" data-opacity=\"100\" data-velocity=\"-0.2\" data-mobile-enabled=\"false\" data-break_parents=\"0\" data-bg-image=\"https:\/\/www.hotel-artecasa.hr\/wp-content\/uploads\/2018\/06\/ptb_cta-new.jpg\" data-bg-repeat=\"false\" data-bg-color=\"#5c5b5c\" ><\/div><div class=\"fusion-fullwidth fullwidth-box fusion-builder-row-5 fusion-parallax-up nonhundred-percent-fullwidth non-hundred-percent-height-scrolling fusion-equal-height-columns\" style=\"--awb-background-position:left top;--awb-border-radius-top-left:0px;--awb-border-radius-top-right:0px;--awb-border-radius-bottom-right:0px;--awb-border-radius-bottom-left:0px;--awb-padding-top:100px;--awb-padding-bottom:85px;--awb-background-color:#5c5b5c;--awb-background-image:url(&quot;https:\/\/www.hotel-artecasa.hr\/wp-content\/uploads\/2018\/06\/ptb_cta-new.jpg&quot;);--awb-background-size:cover;--awb-border-sizes-top:0px;--awb-border-sizes-bottom:0px;--awb-flex-wrap:wrap;\" ><div class=\"fusion-builder-row fusion-row\"><div class=\"fusion-layout-column fusion_builder_column fusion-builder-column-11 fusion_builder_column_1_6 1_6 fusion-one-sixth fusion-column-first\" style=\"--awb-bg-size:cover;width:16.666666666667%;width:calc(16.666666666667% - ( ( 4% + 4% ) * 0.16666666666667 ) );margin-right: 4%;\"><div class=\"fusion-column-wrapper fusion-flex-column-wrapper-legacy\"><div class=\"fusion-column-content-centered\"><div class=\"fusion-column-content\"><div class=\"fusion-counters-box counters-box row fusion-clearfix fusion-columns-1\" style=\"--awb-body-color:#ffffff;--awb-border-color:#b9afa1;--awb-color:#ffffff;--awb-title-size:62;--awb-border-color:#b9afa1;\"><div class=\"fusion-counter-box fusion-column col-counter-box counter-box-wrapper col-lg-12 col-md-12 col-sm-12\" data-animationOffset=\"top-into-view\"><div class=\"counter-box-container\"><div class=\"content-box-percentage content-box-counter\"><span class=\"display-counter\" data-value=\"100\" data-direction=\"up\" data-decimals=\"0\">0<\/span><span class=\"unit\">%<\/span><\/div><div class=\"counter-box-content\">U\u017dITEK<\/div><\/div><\/div><\/div><div class=\"clearfix\"><\/div><\/div><\/div><div class=\"fusion-clearfix\"><\/div><\/div><\/div><div class=\"fusion-layout-column fusion_builder_column fusion-builder-column-12 fusion_builder_column_2_3 2_3 fusion-two-third\" style=\"--awb-bg-size:cover;--awb-margin-bottom:10px;width:66.666666666667%;width:calc(66.666666666667% - ( ( 4% + 4% ) * 0.66666666666667 ) );margin-right: 4%;\"><div class=\"fusion-column-wrapper fusion-flex-column-wrapper-legacy\"><div class=\"fusion-column-content-centered\"><div class=\"fusion-column-content\"><div class=\"fusion-text fusion-text-11\"><h4 style=\"font-size: 30px; line-height: 1.4em; letter-spacing: -1px;\"><span style=\"color: #ffffff;\"> Vzemite si \u010das zase in si privo\u0161\u010dite po\u010ditnice, ki si jih zaslu\u017eite. <\/span><\/h4>\n<\/div><div class=\"fusion-text fusion-text-12\"><p><span style=\"color: #ffffff;\"> U\u017eivajte v specialitetah, udobnosti na\u0161ega hotela in \u010dudoviti istrski pokrajini. <\/span><\/p>\n<\/div><\/div><\/div><div class=\"fusion-clearfix\"><\/div><\/div><\/div><div class=\"fusion-layout-column fusion_builder_column fusion-builder-column-13 fusion_builder_column_1_6 1_6 fusion-one-sixth fusion-column-last\" style=\"--awb-bg-size:cover;--awb-margin-top:10px;width:16.666666666667%;width:calc(16.666666666667% - ( ( 4% + 4% ) * 0.16666666666667 ) );\"><div class=\"fusion-column-wrapper fusion-flex-column-wrapper-legacy\"><div class=\"fusion-column-content-centered\"><div class=\"fusion-column-content\"><div class=\"fusion-alignleft\"><a class=\"fusion-button button-flat fusion-button-default-size button-custom fusion-button-default button-3 fusion-button-default-span fusion-button-default-type\" style=\"--button_accent_color:#ffffff;--button_accent_hover_color:#ffffff;--button_border_hover_color:#ffffff;--button_gradient_top_color:#000000;--button_gradient_bottom_color:#000000;--button_gradient_top_color_hover:#03a9f4;--button_gradient_bottom_color_hover:#03a9f4;\" target=\"_self\" href=\"https:\/\/www.hotel-artecasa.hr\/hr\/book-now\/\"><span class=\"fusion-button-text awb-button__text awb-button__text--default\">REZERVIRAJTE ZDAJ<\/span><\/a><\/div><\/div><\/div><div class=\"fusion-clearfix\"><\/div><\/div><\/div><\/div><\/div>\n<\/p>\n","protected":false},"excerpt":{"rendered":"","protected":false},"author":1,"featured_media":0,"parent":0,"menu_order":0,"comment_status":"closed","ping_status":"closed","template":"100-width.php","meta":{"footnotes":""},"class_list":["post-3589","page","type-page","status-publish","hentry"],"yoast_head":"<!-- This site is optimized with the Yoast SEO plugin v27.3 - https:\/\/yoast.com\/product\/yoast-seo-wordpress\/ -->\n<title>Home - Hotel Arte Casa<\/title>\n<meta name=\"robots\" content=\"index, follow, max-snippet:-1, max-image-preview:large, max-video-preview:-1\" \/>\n<link rel=\"canonical\" href=\"https:\/\/www.hotel-artecasa.hr\/\" \/>\n<meta property=\"og:locale\" content=\"sl_SI\" \/>\n<meta property=\"og:type\" content=\"article\" \/>\n<meta property=\"og:title\" content=\"Home - Hotel Arte Casa\" \/>\n<meta property=\"og:url\" content=\"https:\/\/www.hotel-artecasa.hr\/\" \/>\n<meta property=\"og:site_name\" content=\"Hotel Arte Casa\" \/>\n<meta property=\"article:modified_time\" content=\"2019-07-14T22:40:20+00:00\" \/>\n<meta name=\"twitter:card\" content=\"summary_large_image\" \/>\n<meta name=\"twitter:label1\" content=\"Est. reading time\" \/>\n\t<meta name=\"twitter:data1\" content=\"12 minut\" \/>\n<script type=\"application\/ld+json\" class=\"yoast-schema-graph\">{\"@context\":\"https:\\\/\\\/schema.org\",\"@graph\":[{\"@type\":\"WebPage\",\"@id\":\"https:\\\/\\\/www.hotel-artecasa.hr\\\/\",\"url\":\"https:\\\/\\\/www.hotel-artecasa.hr\\\/\",\"name\":\"Home - Hotel Arte Casa\",\"isPartOf\":{\"@id\":\"https:\\\/\\\/www.hotel-artecasa.hr\\\/#website\"},\"datePublished\":\"2016-08-02T11:03:38+00:00\",\"dateModified\":\"2019-07-14T22:40:20+00:00\",\"breadcrumb\":{\"@id\":\"https:\\\/\\\/www.hotel-artecasa.hr\\\/#breadcrumb\"},\"inLanguage\":\"sl-SI\",\"potentialAction\":[{\"@type\":\"ReadAction\",\"target\":[\"https:\\\/\\\/www.hotel-artecasa.hr\\\/\"]}]},{\"@type\":\"BreadcrumbList\",\"@id\":\"https:\\\/\\\/www.hotel-artecasa.hr\\\/#breadcrumb\",\"itemListElement\":[{\"@type\":\"ListItem\",\"position\":1,\"name\":\"Po\u010detna stranica\",\"item\":\"https:\\\/\\\/www.hotel-artecasa.hr\\\/\"},{\"@type\":\"ListItem\",\"position\":2,\"name\":\"Home\"}]},{\"@type\":\"WebSite\",\"@id\":\"https:\\\/\\\/www.hotel-artecasa.hr\\\/#website\",\"url\":\"https:\\\/\\\/www.hotel-artecasa.hr\\\/\",\"name\":\"Hotel Arte Casa\",\"description\":\"a charming small hotel\",\"potentialAction\":[{\"@type\":\"SearchAction\",\"target\":{\"@type\":\"EntryPoint\",\"urlTemplate\":\"https:\\\/\\\/www.hotel-artecasa.hr\\\/?s={search_term_string}\"},\"query-input\":{\"@type\":\"PropertyValueSpecification\",\"valueRequired\":true,\"valueName\":\"search_term_string\"}}],\"inLanguage\":\"sl-SI\"}]}<\/script>\n<!-- \/ Yoast SEO plugin. -->","yoast_head_json":{"title":"Home - Hotel Arte Casa","robots":{"index":"index","follow":"follow","max-snippet":"max-snippet:-1","max-image-preview":"max-image-preview:large","max-video-preview":"max-video-preview:-1"},"canonical":"https:\/\/www.hotel-artecasa.hr\/","og_locale":"sl_SI","og_type":"article","og_title":"Home - Hotel Arte Casa","og_url":"https:\/\/www.hotel-artecasa.hr\/","og_site_name":"Hotel Arte Casa","article_modified_time":"2019-07-14T22:40:20+00:00","twitter_card":"summary_large_image","twitter_misc":{"Est. reading time":"12 minut"},"schema":{"@context":"https:\/\/schema.org","@graph":[{"@type":"WebPage","@id":"https:\/\/www.hotel-artecasa.hr\/","url":"https:\/\/www.hotel-artecasa.hr\/","name":"Home - Hotel Arte Casa","isPartOf":{"@id":"https:\/\/www.hotel-artecasa.hr\/#website"},"datePublished":"2016-08-02T11:03:38+00:00","dateModified":"2019-07-14T22:40:20+00:00","breadcrumb":{"@id":"https:\/\/www.hotel-artecasa.hr\/#breadcrumb"},"inLanguage":"sl-SI","potentialAction":[{"@type":"ReadAction","target":["https:\/\/www.hotel-artecasa.hr\/"]}]},{"@type":"BreadcrumbList","@id":"https:\/\/www.hotel-artecasa.hr\/#breadcrumb","itemListElement":[{"@type":"ListItem","position":1,"name":"Po\u010detna stranica","item":"https:\/\/www.hotel-artecasa.hr\/"},{"@type":"ListItem","position":2,"name":"Home"}]},{"@type":"WebSite","@id":"https:\/\/www.hotel-artecasa.hr\/#website","url":"https:\/\/www.hotel-artecasa.hr\/","name":"Hotel Arte Casa","description":"a charming small hotel","potentialAction":[{"@type":"SearchAction","target":{"@type":"EntryPoint","urlTemplate":"https:\/\/www.hotel-artecasa.hr\/?s={search_term_string}"},"query-input":{"@type":"PropertyValueSpecification","valueRequired":true,"valueName":"search_term_string"}}],"inLanguage":"sl-SI"}]}},"_links":{"self":[{"href":"https:\/\/www.hotel-artecasa.hr\/sl\/wp-json\/wp\/v2\/pages\/3589","targetHints":{"allow":["GET"]}}],"collection":[{"href":"https:\/\/www.hotel-artecasa.hr\/sl\/wp-json\/wp\/v2\/pages"}],"about":[{"href":"https:\/\/www.hotel-artecasa.hr\/sl\/wp-json\/wp\/v2\/types\/page"}],"author":[{"embeddable":true,"href":"https:\/\/www.hotel-artecasa.hr\/sl\/wp-json\/wp\/v2\/users\/1"}],"replies":[{"embeddable":true,"href":"https:\/\/www.hotel-artecasa.hr\/sl\/wp-json\/wp\/v2\/comments?post=3589"}],"version-history":[{"count":8,"href":"https:\/\/www.hotel-artecasa.hr\/sl\/wp-json\/wp\/v2\/pages\/3589\/revisions"}],"predecessor-version":[{"id":3735,"href":"https:\/\/www.hotel-artecasa.hr\/sl\/wp-json\/wp\/v2\/pages\/3589\/revisions\/3735"}],"wp:attachment":[{"href":"https:\/\/www.hotel-artecasa.hr\/sl\/wp-json\/wp\/v2\/media?parent=3589"}],"curies":[{"name":"wp","href":"https:\/\/api.w.org\/{rel}","templated":true}]}}