{"id":3587,"date":"2018-09-23T19:09:38","date_gmt":"2018-09-23T17:09:38","guid":{"rendered":"https:\/\/www.hotel-artecasa.hr\/dorucak\/"},"modified":"2019-07-15T00:43:03","modified_gmt":"2019-07-14T22:43:03","slug":"dorucak","status":"publish","type":"page","link":"https:\/\/www.hotel-artecasa.hr\/sl\/dorucak\/","title":{"rendered":"ZAJTRK"},"content":{"rendered":"<p><div class=\"fusion-fullwidth fullwidth-box fusion-builder-row-1 nonhundred-percent-fullwidth non-hundred-percent-height-scrolling fusion-equal-height-columns\" style=\"--awb-background-position:left top;--awb-border-radius-top-left:0px;--awb-border-radius-top-right:0px;--awb-border-radius-bottom-right:0px;--awb-border-radius-bottom-left:0px;--awb-padding-top:0px;--awb-padding-right:0px;--awb-padding-bottom:0px;--awb-padding-left:0px;--awb-border-sizes-top:0px;--awb-border-sizes-bottom:0px;--awb-flex-wrap:wrap;\" ><div class=\"fusion-builder-row fusion-row\"><div class=\"fusion-layout-column fusion_builder_column fusion-builder-column-0 fusion_builder_column_3_5 3_5 fusion-three-fifth fusion-column-first\" style=\"--awb-padding-top:90px;--awb-padding-right:10%;--awb-padding-bottom:80px;--awb-padding-left:10%;--awb-bg-size:cover;width:58.4%; margin-right: 4%;\"><div class=\"fusion-column-wrapper fusion-flex-column-wrapper-legacy\"><div class=\"fusion-text fusion-text-1\"><h2 style=\"text-align: center;\">ZAJTRK<\/h2>\n<\/div><div class=\"fusion-sep-clear\"><\/div><div class=\"fusion-separator fusion-has-icon fusion-full-width-sep fusion-clearfix\" style=\"float:left;margin-top:4%;margin-bottom:40px;width:100%;\"><div class=\"fusion-separator-border sep-single sep-solid\" style=\"--awb-height:20px;--awb-amount:20px;--awb-sep-color:#b9afa1;border-color:#b9afa1;border-top-width:1px;\"><\/div><span class=\"icon-wrapper\" style=\"border-color:#b9afa1;background-color:#ffffff;font-size:16px;width: 1.75em; height: 1.75em;border-width:1px;padding:1px;margin-top:-0.5px\"><i class=\"fa-coffee fas\" style=\"font-size: inherit;color:#b9afa1;\" aria-hidden=\"true\"><\/i><\/span><div class=\"fusion-separator-border sep-single sep-solid\" style=\"--awb-height:20px;--awb-amount:20px;--awb-sep-color:#b9afa1;border-color:#b9afa1;border-top-width:1px;\"><\/div><\/div><div class=\"fusion-sep-clear\"><\/div><div class=\"fusion-text fusion-text-2\"><h5 style=\"text-align: center;\"><span style=\"color: #b9afa1;\"> Na\u0161e babice in dedki so nas nau\u010dili, da je zajtrk najpomembnej\u0161i obrok v dnevu in da se ga ne sme presko\u010diti. <\/span><\/h5>\n<\/div><div class=\"fusion-sep-clear\"><\/div><div class=\"fusion-separator fusion-has-icon fusion-full-width-sep fusion-clearfix\" style=\"float:left;margin-top:4%;margin-bottom:40px;width:100%;\"><div class=\"fusion-separator-border sep-single sep-solid\" style=\"--awb-height:20px;--awb-amount:20px;--awb-sep-color:#b9afa1;border-color:#b9afa1;border-top-width:1px;\"><\/div><span class=\"icon-wrapper\" style=\"border-color:#b9afa1;background-color:#ffffff;font-size:16px;width: 1.75em; height: 1.75em;border-width:1px;padding:1px;margin-top:-0.5px\"><i class=\"fa-coffee fas\" style=\"font-size: inherit;color:#b9afa1;\" aria-hidden=\"true\"><\/i><\/span><div class=\"fusion-separator-border sep-single sep-solid\" style=\"--awb-height:20px;--awb-amount:20px;--awb-sep-color:#b9afa1;border-color:#b9afa1;border-top-width:1px;\"><\/div><\/div><div class=\"fusion-sep-clear\"><\/div><div class=\"fusion-text fusion-text-3\"><p class=\"p1\" style=\"text-align: justify;\"><span class=\"s1\"> Kot va\u0161i pravi gostitelji skrbimo, da je va\u0161a miza zjutraj polna raznolikih \u017eivil &#8211; razli\u010dna peciva, sir in mesnine, \u017eitni kosmi\u010di, jogurti in sadje, sokovi ter seveda nepogre\u0161ljiva kava in \u010daj. Zaradi vseh teh dobrot zjutraj nikoli ne boste hoteli zamuditi tega pomembnega obroka. Ob bogastvu mamljivih okusov in vonjav, ki jih zjutraj do\u017eivite v na\u0161i restavraciji, si naberite energije za dolge son\u010dne dneve na pla\u017ei. <\/span><\/p>\n<\/div><div class=\"fusion-sep-clear\"><\/div><div class=\"fusion-separator fusion-full-width-sep\" style=\"margin-left: auto;margin-right: auto;margin-top:10px;width:100%;\"><\/div><div class=\"fusion-sep-clear\"><\/div><div class=\"fusion-clearfix\"><\/div><\/div><\/div><div class=\"fusion-layout-column fusion_builder_column fusion-builder-column-1 fusion_builder_column_2_5 2_5 fusion-two-fifth fusion-column-last fusion-animated\" style=\"--awb-bg-image:url(&#039;https:\/\/www.hotel-artecasa.hr\/wp-content\/uploads\/2018\/09\/ArteCasa_2.jpg&#039;);--awb-bg-position:right bottom;--awb-bg-size:cover;width:37.6%;\" data-animationType=\"fadeInLeft\" data-animationDuration=\"0.6\" data-animationOffset=\"top-into-view\"><div class=\"fusion-column-wrapper fusion-flex-column-wrapper-legacy fusion-column-has-bg-image\" data-bg-url=\"https:\/\/www.hotel-artecasa.hr\/wp-content\/uploads\/2018\/09\/ArteCasa_2.jpg\"><div class=\"fusion-sep-clear\"><\/div><div class=\"fusion-separator fusion-full-width-sep\" style=\"margin-left: auto;margin-right: auto;margin-top:300px;width:100%;\"><\/div><div class=\"fusion-sep-clear\"><\/div><div class=\"fusion-clearfix\"><\/div><\/div><\/div><\/div><\/div><div class=\"fusion-fullwidth fullwidth-box fusion-builder-row-2 nonhundred-percent-fullwidth non-hundred-percent-height-scrolling\" style=\"--awb-border-radius-top-left:0px;--awb-border-radius-top-right:0px;--awb-border-radius-bottom-right:0px;--awb-border-radius-bottom-left:0px;--awb-padding-top:20px;--awb-padding-bottom:80px;--awb-margin-top:40px;--awb-background-color:#ffffff;--awb-border-sizes-top:0px;--awb-border-sizes-bottom:0px;--awb-flex-wrap:wrap;\" ><div class=\"fusion-builder-row fusion-row\"><div class=\"fusion-layout-column fusion_builder_column fusion-builder-column-2 fusion_builder_column_1_1 1_1 fusion-one-full fusion-column-first fusion-column-last fusion-column-no-min-height\" style=\"--awb-bg-size:cover;\"><div class=\"fusion-column-wrapper fusion-flex-column-wrapper-legacy\"><div class=\"fusion-sep-clear\"><\/div><div class=\"fusion-separator fusion-full-width-sep\" style=\"margin-left: auto;margin-right: auto;margin-top:25px;width:100%;\"><\/div><div class=\"fusion-sep-clear\"><\/div><div class=\"fusion-text fusion-text-4\"><h3 style=\"text-align: center;\"><span style=\"color: #000;\"> ZAJTRK<\/span><\/h3>\n<\/div><div class=\"awb-gallery-wrapper awb-gallery-wrapper-1 button-span-no\"><div style=\"margin:-5px;--awb-bordersize:0px;\" class=\"fusion-gallery fusion-gallery-container fusion-grid-3 fusion-columns-total-5 fusion-gallery-layout-grid fusion-gallery-1\"><div style=\"padding:5px;\" class=\"fusion-grid-column fusion-gallery-column fusion-gallery-column-3 hover-type-none\"><div class=\"fusion-gallery-image\"><a href=\"https:\/\/www.hotel-artecasa.hr\/wp-content\/uploads\/2018\/09\/ArteCasa_8-1.jpg\" rel=\"noreferrer\" data-rel=\"iLightbox[gallery_image_1]\" class=\"fusion-lightbox\" target=\"_self\"><img decoding=\"async\" src=\"https:\/\/www.hotel-artecasa.hr\/wp-content\/uploads\/2018\/09\/ArteCasa_8-1.jpg\" width=\"667\" height=\"912\" alt=\"\" title=\"ArteCasa_8\" aria-label=\"ArteCasa_8\" class=\"img-responsive wp-image-2891\" srcset=\"https:\/\/www.hotel-artecasa.hr\/wp-content\/uploads\/2018\/09\/ArteCasa_8-1-200x273.jpg 200w, https:\/\/www.hotel-artecasa.hr\/wp-content\/uploads\/2018\/09\/ArteCasa_8-1-400x547.jpg 400w, https:\/\/www.hotel-artecasa.hr\/wp-content\/uploads\/2018\/09\/ArteCasa_8-1-600x820.jpg 600w, https:\/\/www.hotel-artecasa.hr\/wp-content\/uploads\/2018\/09\/ArteCasa_8-1.jpg 667w\" sizes=\"(min-width: 2200px) 100vw, (min-width: 864px) 387px, (min-width: 752px) 580px, (min-width: 640px) 752px, \" \/><\/a><\/div><\/div><div style=\"padding:5px;\" class=\"fusion-grid-column fusion-gallery-column fusion-gallery-column-3 hover-type-none\"><div class=\"fusion-gallery-image\"><a href=\"https:\/\/www.hotel-artecasa.hr\/wp-content\/uploads\/2018\/09\/ArteCasa_11.jpg\" rel=\"noreferrer\" data-rel=\"iLightbox[gallery_image_1]\" class=\"fusion-lightbox\" target=\"_self\"><img decoding=\"async\" src=\"https:\/\/www.hotel-artecasa.hr\/wp-content\/uploads\/2018\/09\/ArteCasa_11.jpg\" width=\"1500\" height=\"1000\" alt=\"\" title=\"ArteCasa_11\" aria-label=\"ArteCasa_11\" class=\"img-responsive wp-image-2824\" srcset=\"https:\/\/www.hotel-artecasa.hr\/wp-content\/uploads\/2018\/09\/ArteCasa_11-200x133.jpg 200w, https:\/\/www.hotel-artecasa.hr\/wp-content\/uploads\/2018\/09\/ArteCasa_11-400x267.jpg 400w, https:\/\/www.hotel-artecasa.hr\/wp-content\/uploads\/2018\/09\/ArteCasa_11-600x400.jpg 600w, https:\/\/www.hotel-artecasa.hr\/wp-content\/uploads\/2018\/09\/ArteCasa_11-800x533.jpg 800w, https:\/\/www.hotel-artecasa.hr\/wp-content\/uploads\/2018\/09\/ArteCasa_11-1200x800.jpg 1200w, https:\/\/www.hotel-artecasa.hr\/wp-content\/uploads\/2018\/09\/ArteCasa_11.jpg 1500w\" sizes=\"(min-width: 2200px) 100vw, (min-width: 864px) 387px, (min-width: 752px) 580px, (min-width: 640px) 752px, \" \/><\/a><\/div><\/div><div style=\"padding:5px;\" class=\"fusion-grid-column fusion-gallery-column fusion-gallery-column-3 hover-type-none\"><div class=\"fusion-gallery-image\"><a href=\"https:\/\/www.hotel-artecasa.hr\/wp-content\/uploads\/2018\/09\/IMG_0163-1.jpg\" rel=\"noreferrer\" data-rel=\"iLightbox[gallery_image_1]\" class=\"fusion-lightbox\" target=\"_self\"><img decoding=\"async\" src=\"https:\/\/www.hotel-artecasa.hr\/wp-content\/uploads\/2018\/09\/IMG_0163-1.jpg\" width=\"1500\" height=\"1000\" alt=\"\" title=\"IMG_0163\" aria-label=\"IMG_0163\" class=\"img-responsive wp-image-2877\" srcset=\"https:\/\/www.hotel-artecasa.hr\/wp-content\/uploads\/2018\/09\/IMG_0163-1-200x133.jpg 200w, https:\/\/www.hotel-artecasa.hr\/wp-content\/uploads\/2018\/09\/IMG_0163-1-400x267.jpg 400w, https:\/\/www.hotel-artecasa.hr\/wp-content\/uploads\/2018\/09\/IMG_0163-1-600x400.jpg 600w, https:\/\/www.hotel-artecasa.hr\/wp-content\/uploads\/2018\/09\/IMG_0163-1-800x533.jpg 800w, https:\/\/www.hotel-artecasa.hr\/wp-content\/uploads\/2018\/09\/IMG_0163-1-1200x800.jpg 1200w, https:\/\/www.hotel-artecasa.hr\/wp-content\/uploads\/2018\/09\/IMG_0163-1.jpg 1500w\" sizes=\"(min-width: 2200px) 100vw, (min-width: 864px) 387px, (min-width: 752px) 580px, (min-width: 640px) 752px, \" \/><\/a><\/div><\/div><div class=\"clearfix\"><\/div><div style=\"padding:5px;\" class=\"fusion-grid-column fusion-gallery-column fusion-gallery-column-3 hover-type-none\"><div class=\"fusion-gallery-image\"><a href=\"https:\/\/www.hotel-artecasa.hr\/wp-content\/uploads\/2018\/09\/IMG_0168-1.jpg\" rel=\"noreferrer\" data-rel=\"iLightbox[gallery_image_1]\" class=\"fusion-lightbox\" target=\"_self\"><img decoding=\"async\" src=\"https:\/\/www.hotel-artecasa.hr\/wp-content\/uploads\/2018\/09\/IMG_0168-1.jpg\" width=\"1500\" height=\"1000\" alt=\"\" title=\"IMG_0168\" aria-label=\"IMG_0168\" class=\"img-responsive wp-image-2881\" srcset=\"https:\/\/www.hotel-artecasa.hr\/wp-content\/uploads\/2018\/09\/IMG_0168-1-200x133.jpg 200w, https:\/\/www.hotel-artecasa.hr\/wp-content\/uploads\/2018\/09\/IMG_0168-1-400x267.jpg 400w, https:\/\/www.hotel-artecasa.hr\/wp-content\/uploads\/2018\/09\/IMG_0168-1-600x400.jpg 600w, https:\/\/www.hotel-artecasa.hr\/wp-content\/uploads\/2018\/09\/IMG_0168-1-800x533.jpg 800w, https:\/\/www.hotel-artecasa.hr\/wp-content\/uploads\/2018\/09\/IMG_0168-1-1200x800.jpg 1200w, https:\/\/www.hotel-artecasa.hr\/wp-content\/uploads\/2018\/09\/IMG_0168-1.jpg 1500w\" sizes=\"(min-width: 2200px) 100vw, (min-width: 864px) 387px, (min-width: 752px) 580px, (min-width: 640px) 752px, \" \/><\/a><\/div><\/div><div style=\"padding:5px;\" class=\"fusion-grid-column fusion-gallery-column fusion-gallery-column-3 hover-type-none\"><div class=\"fusion-gallery-image\"><a href=\"https:\/\/www.hotel-artecasa.hr\/wp-content\/uploads\/2018\/09\/IMG_0184-1.jpg\" rel=\"noreferrer\" data-rel=\"iLightbox[gallery_image_1]\" class=\"fusion-lightbox\" target=\"_self\"><img decoding=\"async\" src=\"https:\/\/www.hotel-artecasa.hr\/wp-content\/uploads\/2018\/09\/IMG_0184-1.jpg\" width=\"1500\" height=\"1000\" alt=\"\" title=\"IMG_0184\" aria-label=\"IMG_0184\" class=\"img-responsive wp-image-2885\" srcset=\"https:\/\/www.hotel-artecasa.hr\/wp-content\/uploads\/2018\/09\/IMG_0184-1-200x133.jpg 200w, https:\/\/www.hotel-artecasa.hr\/wp-content\/uploads\/2018\/09\/IMG_0184-1-400x267.jpg 400w, https:\/\/www.hotel-artecasa.hr\/wp-content\/uploads\/2018\/09\/IMG_0184-1-600x400.jpg 600w, https:\/\/www.hotel-artecasa.hr\/wp-content\/uploads\/2018\/09\/IMG_0184-1-800x533.jpg 800w, https:\/\/www.hotel-artecasa.hr\/wp-content\/uploads\/2018\/09\/IMG_0184-1-1200x800.jpg 1200w, https:\/\/www.hotel-artecasa.hr\/wp-content\/uploads\/2018\/09\/IMG_0184-1.jpg 1500w\" sizes=\"(min-width: 2200px) 100vw, (min-width: 864px) 387px, (min-width: 752px) 580px, (min-width: 640px) 752px, \" \/><\/a><\/div><\/div><\/div><\/div><div class=\"fusion-clearfix\"><\/div><\/div><\/div><\/div><\/div><div class=\"fusion-bg-parallax\" data-bg-align=\"center center\" data-direction=\"up\" data-mute=\"false\" data-opacity=\"100\" data-velocity=\"-0.3\" data-mobile-enabled=\"false\" data-break_parents=\"0\" data-bg-image=\"https:\/\/www.hotel-artecasa.hr\/wp-content\/uploads\/2018\/09\/7.jpg\" data-bg-repeat=\"false\" ><\/div><div class=\"fusion-fullwidth fullwidth-box fusion-builder-row-3 fusion-parallax-up nonhundred-percent-fullwidth non-hundred-percent-height-scrolling\" style=\"--awb-border-radius-top-left:0px;--awb-border-radius-top-right:0px;--awb-border-radius-bottom-right:0px;--awb-border-radius-bottom-left:0px;--awb-padding-top:10%;--awb-padding-bottom:10%;--awb-background-image:url(&quot;https:\/\/www.hotel-artecasa.hr\/wp-content\/uploads\/2018\/09\/7.jpg&quot;);--awb-background-size:cover;--awb-border-sizes-top:0px;--awb-border-sizes-bottom:0px;--awb-flex-wrap:wrap;\" ><div class=\"fusion-builder-row fusion-row\"><div class=\"fusion-layout-column fusion_builder_column fusion-builder-column-3 fusion_builder_column_1_5 1_5 fusion-one-fifth fusion-column-first fusion-no-small-visibility\" style=\"--awb-bg-size:cover;width:16.8%; margin-right: 4%;\"><div class=\"fusion-column-wrapper fusion-flex-column-wrapper-legacy\"><div class=\"fusion-clearfix\"><\/div><\/div><\/div><div class=\"fusion-layout-column fusion_builder_column fusion-builder-column-4 fusion_builder_column_3_5 3_5 fusion-three-fifth\" style=\"--awb-bg-size:cover;--awb-margin-top:50px;--awb-margin-bottom:30px;width:58.4%; margin-right: 4%;\"><div class=\"fusion-column-wrapper fusion-flex-column-wrapper-legacy\"><div class=\"fusion-testimonials clean awb-speech-bubble-show fusion-testimonials-1\" style=\"--awb-textcolor:#000000;--awb-backgroundcolor:rgba(255,255,255,0);--awb-testimonial-border-style:solid;--awb-testimonial-border-color:var(--awb-color3);--awb-border-top-left-radius:0px;--awb-border-top-right-radius:0px;--awb-border-bottom-left-radius:0px;--awb-border-bottom-right-radius:0px;--testimonial-border-width-top:0px;--testimonial-border-width-right:0px;--testimonial-border-width-bottom:0px;--testimonial-border-width-left:0px;\" data-random=\"0\" data-speed=\"4000\"><div class=\"reviews\"><div class=\"review active-testimonial avatar-above no-avatar\"><blockquote class=\"testimonials-shortcode-blockquote\"><div class=\"awb-quote\"><div class=\"awb-quote-content\">\n<p class=\"p1\" style=\"text-align: center;\"><span class=\"s1\"> Odprtih rok in s \u0161irokim nasmehom vas pozdravljamo v na\u0161i mediteranski oazi. Nahajamo se blizu \u010darobnega, sinje modrega Jadranskega morja in sijajne ponudbe mesta Umaga, kjer lahko vsak najde svojo zlato ribico in uresni\u010di sanje o popolnih po\u010ditnicah. <\/span><\/p>\n<\/div><\/div><\/blockquote><div class=\"author\"><span class=\"company-name\"><strong>ARTE CASA<\/strong>, <span>HOTEL &amp; RESORT<\/span><\/span><\/div><\/div><\/div><\/div><div class=\"fusion-clearfix\"><\/div><\/div><\/div><div class=\"fusion-layout-column fusion_builder_column fusion-builder-column-5 fusion_builder_column_1_5 1_5 fusion-one-fifth fusion-column-last fusion-no-small-visibility\" style=\"--awb-bg-size:cover;width:16.8%;\"><div class=\"fusion-column-wrapper fusion-flex-column-wrapper-legacy\"><div class=\"fusion-clearfix\"><\/div><\/div><\/div><\/div><\/div><div class=\"fusion-bg-parallax\" data-bg-align=\"left top\" data-direction=\"up\" data-mute=\"false\" data-opacity=\"100\" data-velocity=\"-0.2\" data-mobile-enabled=\"false\" data-break_parents=\"0\" data-bg-image=\"https:\/\/www.hotel-artecasa.hr\/wp-content\/uploads\/2018\/06\/ptb_cta-new.jpg\" data-bg-repeat=\"false\" data-bg-color=\"#5c5b5c\" ><\/div><div class=\"fusion-fullwidth fullwidth-box fusion-builder-row-4 fusion-parallax-up nonhundred-percent-fullwidth non-hundred-percent-height-scrolling fusion-equal-height-columns\" style=\"--awb-background-position:left top;--awb-border-radius-top-left:0px;--awb-border-radius-top-right:0px;--awb-border-radius-bottom-right:0px;--awb-border-radius-bottom-left:0px;--awb-padding-top:100px;--awb-padding-bottom:85px;--awb-background-color:#5c5b5c;--awb-background-image:url(&quot;https:\/\/www.hotel-artecasa.hr\/wp-content\/uploads\/2018\/06\/ptb_cta-new.jpg&quot;);--awb-background-size:cover;--awb-border-sizes-top:0px;--awb-border-sizes-bottom:0px;--awb-flex-wrap:wrap;\" ><div class=\"fusion-builder-row fusion-row\"><div class=\"fusion-layout-column fusion_builder_column fusion-builder-column-6 fusion_builder_column_1_6 1_6 fusion-one-sixth fusion-column-first\" style=\"--awb-bg-size:cover;width:16.666666666667%;width:calc(16.666666666667% - ( ( 4% + 4% ) * 0.16666666666667 ) );margin-right: 4%;\"><div class=\"fusion-column-wrapper fusion-flex-column-wrapper-legacy\"><div class=\"fusion-column-content-centered\"><div class=\"fusion-column-content\"><div class=\"fusion-counters-box counters-box row fusion-clearfix fusion-columns-1\" style=\"--awb-body-color:#ffffff;--awb-border-color:#b9afa1;--awb-color:#ffffff;--awb-title-size:62;--awb-border-color:#b9afa1;\"><div class=\"fusion-counter-box fusion-column col-counter-box counter-box-wrapper col-lg-12 col-md-12 col-sm-12\" data-animationOffset=\"top-into-view\"><div class=\"counter-box-container\"><div class=\"content-box-percentage content-box-counter\"><span class=\"display-counter\" data-value=\"100\" data-direction=\"up\" data-decimals=\"0\">0<\/span><span class=\"unit\">%<\/span><\/div><div class=\"counter-box-content\">U\u017dITEK<\/div><\/div><\/div><\/div><div class=\"clearfix\"><\/div><\/div><\/div><div class=\"fusion-clearfix\"><\/div><\/div><\/div><div class=\"fusion-layout-column fusion_builder_column fusion-builder-column-7 fusion_builder_column_2_3 2_3 fusion-two-third\" style=\"--awb-bg-size:cover;--awb-margin-bottom:10px;width:66.666666666667%;width:calc(66.666666666667% - ( ( 4% + 4% ) * 0.66666666666667 ) );margin-right: 4%;\"><div class=\"fusion-column-wrapper fusion-flex-column-wrapper-legacy\"><div class=\"fusion-column-content-centered\"><div class=\"fusion-column-content\"><div class=\"fusion-text fusion-text-5\"><h4 style=\"font-size: 30px; line-height: 1.4em; letter-spacing: -1px;\"><span style=\"color: #ffffff;\"> Vzemite si \u010das zase in si privo\u0161\u010dite po\u010ditnice, ki si jih zaslu\u017eite. <\/span><\/h4>\n<\/div><div class=\"fusion-text fusion-text-6\"><p><span style=\"color: #ffffff;\"> U\u017eivajte v specialitetah, udobnosti na\u0161ega hotela in \u010dudoviti istrski pokrajini. <\/span><\/p>\n<\/div><\/div><\/div><div class=\"fusion-clearfix\"><\/div><\/div><\/div><div class=\"fusion-layout-column fusion_builder_column fusion-builder-column-8 fusion_builder_column_1_6 1_6 fusion-one-sixth fusion-column-last\" style=\"--awb-bg-size:cover;--awb-margin-top:10px;width:16.666666666667%;width:calc(16.666666666667% - ( ( 4% + 4% ) * 0.16666666666667 ) );\"><div class=\"fusion-column-wrapper fusion-flex-column-wrapper-legacy\"><div class=\"fusion-column-content-centered\"><div class=\"fusion-column-content\"><div class=\"fusion-alignleft\"><a class=\"fusion-button button-flat fusion-button-default-size button-custom fusion-button-default button-1 fusion-button-default-span fusion-button-default-type\" style=\"--button_accent_color:#ffffff;--button_accent_hover_color:#ffffff;--button_border_hover_color:#ffffff;--button_gradient_top_color:#000000;--button_gradient_bottom_color:#000000;--button_gradient_top_color_hover:#03a9f4;--button_gradient_bottom_color_hover:#03a9f4;\" target=\"_self\" href=\"https:\/\/www.hotel-artecasa.hr\/hr\/book-now\/\"><span class=\"fusion-button-text awb-button__text awb-button__text--default\">REZERVIRAJTE ZDAJ<\/span><\/a><\/div><\/div><\/div><div class=\"fusion-clearfix\"><\/div><\/div><\/div><\/div><\/div>\n<\/p>\n","protected":false},"excerpt":{"rendered":"","protected":false},"author":1,"featured_media":0,"parent":0,"menu_order":0,"comment_status":"closed","ping_status":"closed","template":"100-width.php","meta":{"footnotes":""},"class_list":["post-3587","page","type-page","status-publish","hentry"],"yoast_head":"<!-- This site is optimized with the Yoast SEO plugin v27.3 - https:\/\/yoast.com\/product\/yoast-seo-wordpress\/ -->\n<title>ZAJTRK - Hotel Arte Casa<\/title>\n<meta name=\"robots\" content=\"index, follow, max-snippet:-1, max-image-preview:large, max-video-preview:-1\" \/>\n<link rel=\"canonical\" href=\"https:\/\/www.hotel-artecasa.hr\/dorucak\/\" \/>\n<meta property=\"og:locale\" content=\"sl_SI\" \/>\n<meta property=\"og:type\" content=\"article\" \/>\n<meta property=\"og:title\" content=\"ZAJTRK - Hotel Arte Casa\" \/>\n<meta property=\"og:url\" content=\"https:\/\/www.hotel-artecasa.hr\/dorucak\/\" \/>\n<meta property=\"og:site_name\" content=\"Hotel Arte Casa\" \/>\n<meta property=\"article:modified_time\" content=\"2019-07-14T22:43:03+00:00\" \/>\n<meta name=\"twitter:card\" content=\"summary_large_image\" \/>\n<meta name=\"twitter:label1\" content=\"Est. reading time\" \/>\n\t<meta name=\"twitter:data1\" content=\"7 minut\" \/>\n<script type=\"application\/ld+json\" class=\"yoast-schema-graph\">{\"@context\":\"https:\\\/\\\/schema.org\",\"@graph\":[{\"@type\":\"WebPage\",\"@id\":\"https:\\\/\\\/www.hotel-artecasa.hr\\\/dorucak\\\/\",\"url\":\"https:\\\/\\\/www.hotel-artecasa.hr\\\/dorucak\\\/\",\"name\":\"ZAJTRK - Hotel Arte Casa\",\"isPartOf\":{\"@id\":\"https:\\\/\\\/www.hotel-artecasa.hr\\\/#website\"},\"datePublished\":\"2018-09-23T17:09:38+00:00\",\"dateModified\":\"2019-07-14T22:43:03+00:00\",\"breadcrumb\":{\"@id\":\"https:\\\/\\\/www.hotel-artecasa.hr\\\/dorucak\\\/#breadcrumb\"},\"inLanguage\":\"sl-SI\",\"potentialAction\":[{\"@type\":\"ReadAction\",\"target\":[\"https:\\\/\\\/www.hotel-artecasa.hr\\\/dorucak\\\/\"]}]},{\"@type\":\"BreadcrumbList\",\"@id\":\"https:\\\/\\\/www.hotel-artecasa.hr\\\/dorucak\\\/#breadcrumb\",\"itemListElement\":[{\"@type\":\"ListItem\",\"position\":1,\"name\":\"Po\u010detna stranica\",\"item\":\"https:\\\/\\\/www.hotel-artecasa.hr\\\/\"},{\"@type\":\"ListItem\",\"position\":2,\"name\":\"ZAJTRK\"}]},{\"@type\":\"WebSite\",\"@id\":\"https:\\\/\\\/www.hotel-artecasa.hr\\\/#website\",\"url\":\"https:\\\/\\\/www.hotel-artecasa.hr\\\/\",\"name\":\"Hotel Arte Casa\",\"description\":\"a charming small hotel\",\"potentialAction\":[{\"@type\":\"SearchAction\",\"target\":{\"@type\":\"EntryPoint\",\"urlTemplate\":\"https:\\\/\\\/www.hotel-artecasa.hr\\\/?s={search_term_string}\"},\"query-input\":{\"@type\":\"PropertyValueSpecification\",\"valueRequired\":true,\"valueName\":\"search_term_string\"}}],\"inLanguage\":\"sl-SI\"}]}<\/script>\n<!-- \/ Yoast SEO plugin. -->","yoast_head_json":{"title":"ZAJTRK - Hotel Arte Casa","robots":{"index":"index","follow":"follow","max-snippet":"max-snippet:-1","max-image-preview":"max-image-preview:large","max-video-preview":"max-video-preview:-1"},"canonical":"https:\/\/www.hotel-artecasa.hr\/dorucak\/","og_locale":"sl_SI","og_type":"article","og_title":"ZAJTRK - Hotel Arte Casa","og_url":"https:\/\/www.hotel-artecasa.hr\/dorucak\/","og_site_name":"Hotel Arte Casa","article_modified_time":"2019-07-14T22:43:03+00:00","twitter_card":"summary_large_image","twitter_misc":{"Est. reading time":"7 minut"},"schema":{"@context":"https:\/\/schema.org","@graph":[{"@type":"WebPage","@id":"https:\/\/www.hotel-artecasa.hr\/dorucak\/","url":"https:\/\/www.hotel-artecasa.hr\/dorucak\/","name":"ZAJTRK - Hotel Arte Casa","isPartOf":{"@id":"https:\/\/www.hotel-artecasa.hr\/#website"},"datePublished":"2018-09-23T17:09:38+00:00","dateModified":"2019-07-14T22:43:03+00:00","breadcrumb":{"@id":"https:\/\/www.hotel-artecasa.hr\/dorucak\/#breadcrumb"},"inLanguage":"sl-SI","potentialAction":[{"@type":"ReadAction","target":["https:\/\/www.hotel-artecasa.hr\/dorucak\/"]}]},{"@type":"BreadcrumbList","@id":"https:\/\/www.hotel-artecasa.hr\/dorucak\/#breadcrumb","itemListElement":[{"@type":"ListItem","position":1,"name":"Po\u010detna stranica","item":"https:\/\/www.hotel-artecasa.hr\/"},{"@type":"ListItem","position":2,"name":"ZAJTRK"}]},{"@type":"WebSite","@id":"https:\/\/www.hotel-artecasa.hr\/#website","url":"https:\/\/www.hotel-artecasa.hr\/","name":"Hotel Arte Casa","description":"a charming small hotel","potentialAction":[{"@type":"SearchAction","target":{"@type":"EntryPoint","urlTemplate":"https:\/\/www.hotel-artecasa.hr\/?s={search_term_string}"},"query-input":{"@type":"PropertyValueSpecification","valueRequired":true,"valueName":"search_term_string"}}],"inLanguage":"sl-SI"}]}},"_links":{"self":[{"href":"https:\/\/www.hotel-artecasa.hr\/sl\/wp-json\/wp\/v2\/pages\/3587","targetHints":{"allow":["GET"]}}],"collection":[{"href":"https:\/\/www.hotel-artecasa.hr\/sl\/wp-json\/wp\/v2\/pages"}],"about":[{"href":"https:\/\/www.hotel-artecasa.hr\/sl\/wp-json\/wp\/v2\/types\/page"}],"author":[{"embeddable":true,"href":"https:\/\/www.hotel-artecasa.hr\/sl\/wp-json\/wp\/v2\/users\/1"}],"replies":[{"embeddable":true,"href":"https:\/\/www.hotel-artecasa.hr\/sl\/wp-json\/wp\/v2\/comments?post=3587"}],"version-history":[{"count":6,"href":"https:\/\/www.hotel-artecasa.hr\/sl\/wp-json\/wp\/v2\/pages\/3587\/revisions"}],"predecessor-version":[{"id":3738,"href":"https:\/\/www.hotel-artecasa.hr\/sl\/wp-json\/wp\/v2\/pages\/3587\/revisions\/3738"}],"wp:attachment":[{"href":"https:\/\/www.hotel-artecasa.hr\/sl\/wp-json\/wp\/v2\/media?parent=3587"}],"curies":[{"name":"wp","href":"https:\/\/api.w.org\/{rel}","templated":true}]}}