{"id":3527,"date":"2016-08-02T11:05:49","date_gmt":"2016-08-02T09:05:49","guid":{"rendered":"https:\/\/www.hotel-artecasa.hr\/okolina\/"},"modified":"2019-02-05T21:30:13","modified_gmt":"2019-02-05T20:30:13","slug":"okolina","status":"publish","type":"page","link":"https:\/\/www.hotel-artecasa.hr\/de\/okolina\/","title":{"rendered":"UMGEBUNG"},"content":{"rendered":"<p><div class=\"fusion-fullwidth fullwidth-box fusion-builder-row-1 nonhundred-percent-fullwidth non-hundred-percent-height-scrolling fusion-equal-height-columns\" style=\"--awb-background-position:left top;--awb-border-radius-top-left:0px;--awb-border-radius-top-right:0px;--awb-border-radius-bottom-right:0px;--awb-border-radius-bottom-left:0px;--awb-padding-top:0px;--awb-padding-right:0px;--awb-padding-bottom:0px;--awb-padding-left:0px;--awb-border-sizes-top:0px;--awb-border-sizes-bottom:0px;--awb-flex-wrap:wrap;\" ><div class=\"fusion-builder-row fusion-row\"><div class=\"fusion-layout-column fusion_builder_column fusion-builder-column-0 fusion_builder_column_1_1 1_1 fusion-one-full fusion-column-first fusion-column-last\" style=\"--awb-padding-top:90px;--awb-padding-right:10%;--awb-padding-bottom:80px;--awb-padding-left:10%;--awb-bg-size:cover;\"><div class=\"fusion-column-wrapper fusion-flex-column-wrapper-legacy\"><div class=\"fusion-text fusion-text-1\"><h2 style=\"text-align: center;\">UMGEBUNG<\/h2>\n<\/div><div class=\"fusion-text fusion-text-2\"><p class=\"p1\" style=\"text-align: justify;\"><span class=\"s1\"> Die Geschichte von Umag geht zur\u00fcck bis in die Antike Zeit der R\u00f6mischen Kultur und wurdevon den Patronat aus Venedig weiter ausgebaut. Wir bieten unseren G\u00e4sten auch Touristik-F\u00fchrer an wo sie sich in die Uralte Geschichte Istriens vertiefen k\u00f6nnen. Haben sie Interesse an den \u201eGeistern der Vergangenheit\u201c, besichtigen sie das Museum von Umag \u201eKULA\u201c oder sie wollen eine romantische Legende entdecken, dann machen sie sich auf den Weg nach SAVUDRIJA zu dem Leuchtturm wo sie auch das klare Meerwasser entdecken und erleben k\u00f6nnen, ca 7 km von Murine. <\/span><\/p>\n<p style=\"text-align: justify;\">Entlang der K\u00fcste von Umag, wo sie anvielen Stellen im Kristallklaren Meer ein Bad nehmen k\u00f6nnen. Zb. Strand Osmica, mit diversen Spiel M\u00f6glichkeiten f\u00fcr Kinder. Resort \u201ePolynesia\u201c, Hotel und Strand \u201eAurora\u201cZu diesen Str\u00e4nden gelangen sie auch mit einem Touristen Zugwobei sie auch die K\u00fcste kennen lernen. Auch mit Fahrr\u00e4dern k\u00f6nnen sie die gesamte K\u00fcste entdecken und geniessen.<\/p>\n<\/div><div class=\"fusion-sep-clear\"><\/div><div class=\"fusion-separator fusion-full-width-sep\" style=\"margin-left: auto;margin-right: auto;margin-top:25px;width:100%;\"><\/div><div class=\"fusion-sep-clear\"><\/div><div class=\"awb-gallery-wrapper awb-gallery-wrapper-1 button-span-no\"><div style=\"margin:-5px;--awb-bordersize:0px;\" class=\"fusion-gallery fusion-gallery-container fusion-grid-2 fusion-columns-total-4 fusion-gallery-layout-grid fusion-gallery-1\"><div style=\"padding:5px;\" class=\"fusion-grid-column fusion-gallery-column fusion-gallery-column-2 hover-type-none\"><div class=\"fusion-gallery-image\"><a href=\"https:\/\/www.hotel-artecasa.hr\/wp-content\/uploads\/2018\/09\/Atractions_savudrija-boats.jpg\" rel=\"noreferrer\" data-rel=\"iLightbox[gallery_image_1]\" class=\"fusion-lightbox\" target=\"_self\"><img decoding=\"async\" src=\"https:\/\/www.hotel-artecasa.hr\/wp-content\/uploads\/2018\/09\/Atractions_savudrija-boats.jpg\" width=\"1500\" height=\"996\" alt=\"\" title=\"Atractions_savudrija-boats\" aria-label=\"Atractions_savudrija-boats\" class=\"img-responsive wp-image-2684\" srcset=\"https:\/\/www.hotel-artecasa.hr\/wp-content\/uploads\/2018\/09\/Atractions_savudrija-boats-200x133.jpg 200w, https:\/\/www.hotel-artecasa.hr\/wp-content\/uploads\/2018\/09\/Atractions_savudrija-boats-400x266.jpg 400w, https:\/\/www.hotel-artecasa.hr\/wp-content\/uploads\/2018\/09\/Atractions_savudrija-boats-600x398.jpg 600w, https:\/\/www.hotel-artecasa.hr\/wp-content\/uploads\/2018\/09\/Atractions_savudrija-boats-800x531.jpg 800w, https:\/\/www.hotel-artecasa.hr\/wp-content\/uploads\/2018\/09\/Atractions_savudrija-boats-1200x797.jpg 1200w, https:\/\/www.hotel-artecasa.hr\/wp-content\/uploads\/2018\/09\/Atractions_savudrija-boats.jpg 1500w\" sizes=\"(min-width: 2200px) 100vw, (min-width: 752px) 583px, (min-width: 640px) 752px, \" \/><\/a><\/div><\/div><div style=\"padding:5px;\" class=\"fusion-grid-column fusion-gallery-column fusion-gallery-column-2 hover-type-none\"><div class=\"fusion-gallery-image\"><a href=\"https:\/\/www.hotel-artecasa.hr\/wp-content\/uploads\/2018\/09\/Destination_Umag_Umag-100.jpg\" rel=\"noreferrer\" data-rel=\"iLightbox[gallery_image_1]\" class=\"fusion-lightbox\" target=\"_self\"><img decoding=\"async\" src=\"https:\/\/www.hotel-artecasa.hr\/wp-content\/uploads\/2018\/09\/Destination_Umag_Umag-100.jpg\" width=\"1500\" height=\"1000\" alt=\"\" title=\"Destination_Umag_Umag (100)\" aria-label=\"Destination_Umag_Umag (100)\" class=\"img-responsive wp-image-2688\" srcset=\"https:\/\/www.hotel-artecasa.hr\/wp-content\/uploads\/2018\/09\/Destination_Umag_Umag-100-200x133.jpg 200w, https:\/\/www.hotel-artecasa.hr\/wp-content\/uploads\/2018\/09\/Destination_Umag_Umag-100-400x267.jpg 400w, https:\/\/www.hotel-artecasa.hr\/wp-content\/uploads\/2018\/09\/Destination_Umag_Umag-100-600x400.jpg 600w, https:\/\/www.hotel-artecasa.hr\/wp-content\/uploads\/2018\/09\/Destination_Umag_Umag-100-800x533.jpg 800w, https:\/\/www.hotel-artecasa.hr\/wp-content\/uploads\/2018\/09\/Destination_Umag_Umag-100-1200x800.jpg 1200w, https:\/\/www.hotel-artecasa.hr\/wp-content\/uploads\/2018\/09\/Destination_Umag_Umag-100.jpg 1500w\" sizes=\"(min-width: 2200px) 100vw, (min-width: 752px) 583px, (min-width: 640px) 752px, \" \/><\/a><\/div><\/div><div class=\"clearfix\"><\/div><div style=\"padding:5px;\" class=\"fusion-grid-column fusion-gallery-column fusion-gallery-column-2 hover-type-none\"><div class=\"fusion-gallery-image\"><a href=\"https:\/\/www.hotel-artecasa.hr\/wp-content\/uploads\/2018\/09\/Destination_Umag_Umag-101.jpg\" rel=\"noreferrer\" data-rel=\"iLightbox[gallery_image_1]\" class=\"fusion-lightbox\" target=\"_self\"><img decoding=\"async\" src=\"https:\/\/www.hotel-artecasa.hr\/wp-content\/uploads\/2018\/09\/Destination_Umag_Umag-101.jpg\" width=\"1498\" height=\"1000\" alt=\"\" title=\"Destination_Umag_Umag (101)\" aria-label=\"Destination_Umag_Umag (101)\" class=\"img-responsive wp-image-2692\" srcset=\"https:\/\/www.hotel-artecasa.hr\/wp-content\/uploads\/2018\/09\/Destination_Umag_Umag-101-200x134.jpg 200w, https:\/\/www.hotel-artecasa.hr\/wp-content\/uploads\/2018\/09\/Destination_Umag_Umag-101-400x267.jpg 400w, https:\/\/www.hotel-artecasa.hr\/wp-content\/uploads\/2018\/09\/Destination_Umag_Umag-101-600x401.jpg 600w, https:\/\/www.hotel-artecasa.hr\/wp-content\/uploads\/2018\/09\/Destination_Umag_Umag-101-800x534.jpg 800w, https:\/\/www.hotel-artecasa.hr\/wp-content\/uploads\/2018\/09\/Destination_Umag_Umag-101-1200x801.jpg 1200w, https:\/\/www.hotel-artecasa.hr\/wp-content\/uploads\/2018\/09\/Destination_Umag_Umag-101.jpg 1498w\" sizes=\"(min-width: 2200px) 100vw, (min-width: 752px) 583px, (min-width: 640px) 752px, \" \/><\/a><\/div><\/div><div style=\"padding:5px;\" class=\"fusion-grid-column fusion-gallery-column fusion-gallery-column-2 hover-type-none\"><div class=\"fusion-gallery-image\"><a href=\"https:\/\/www.hotel-artecasa.hr\/wp-content\/uploads\/2018\/09\/Destination_Umag_Umag-102.jpg\" rel=\"noreferrer\" data-rel=\"iLightbox[gallery_image_1]\" class=\"fusion-lightbox\" target=\"_self\"><img decoding=\"async\" src=\"https:\/\/www.hotel-artecasa.hr\/wp-content\/uploads\/2018\/09\/Destination_Umag_Umag-102.jpg\" width=\"1498\" height=\"1000\" alt=\"\" title=\"Destination_Umag_Umag (102)\" aria-label=\"Destination_Umag_Umag (102)\" class=\"img-responsive wp-image-2696\" srcset=\"https:\/\/www.hotel-artecasa.hr\/wp-content\/uploads\/2018\/09\/Destination_Umag_Umag-102-200x134.jpg 200w, https:\/\/www.hotel-artecasa.hr\/wp-content\/uploads\/2018\/09\/Destination_Umag_Umag-102-400x267.jpg 400w, https:\/\/www.hotel-artecasa.hr\/wp-content\/uploads\/2018\/09\/Destination_Umag_Umag-102-600x401.jpg 600w, https:\/\/www.hotel-artecasa.hr\/wp-content\/uploads\/2018\/09\/Destination_Umag_Umag-102-800x534.jpg 800w, https:\/\/www.hotel-artecasa.hr\/wp-content\/uploads\/2018\/09\/Destination_Umag_Umag-102-1200x801.jpg 1200w, https:\/\/www.hotel-artecasa.hr\/wp-content\/uploads\/2018\/09\/Destination_Umag_Umag-102.jpg 1498w\" sizes=\"(min-width: 2200px) 100vw, (min-width: 752px) 583px, (min-width: 640px) 752px, \" \/><\/a><\/div><\/div><div class=\"clearfix\"><\/div><\/div><\/div><div class=\"fusion-sep-clear\"><\/div><div class=\"fusion-separator fusion-full-width-sep\" style=\"margin-left: auto;margin-right: auto;margin-top:25px;width:100%;\"><\/div><div class=\"fusion-sep-clear\"><\/div><div class=\"fusion-text fusion-text-3\"><p class=\"p1\" style=\"text-align: justify;\"><span class=\"s1\">Ein sch\u00f6ner Ausgleich zu Wasser, Schwimmen und Strand ist sicher das Landesinnere mit Agrotourismus, die Traditionelle Gerichte anbieten. Die reichhaltige Istrianische Erde und die Borra (Wind) haben die heutige Gastronomische Vielfalt und das reichhaltige Angebot der Istrianischen K\u00fcche hervorgezaubert. Aus dem blauen Istrien kommen auf den auf den Teller Meeresfr\u00fcchte, Jakobsmuscheln aus Novigrad, (eine von den besten Muschelnauf der Welt) KAMENICE, das s\u00fcssliche Krabbenfleisch, Scampi, Adriatischer Tintenfisch SIPA, blauer und weisser Fisch mit denen man Gerichte wie Risotto serviert, oder man geniesst das Eintopfgericht Fischsuppe BRODET oder BUZARA. Das innere von Istrien bietet auch kalte Gerichte, wie den Luftgetrockneten Rohschinken und Schafsk\u00e4se. Die warmen Gerichte verw\u00f6hnen sie mit einer Vielfalt von Teigwaren, wie Fusi, Ravioli, Pljukanci. Die Kr\u00f6nung bei diesen Gerichten ist SAIE mit Istrianischen Tr\u00fcffeln.Der Istrianische Tr\u00fcffel ist Weltweit sehr gesch\u00e4tzt und begehrt! Die Fleischgerichte sind ein eigenes Angebot, nicht weniger speziell wie Fisch oder<\/span><\/p>\n<p style=\"text-align: justify;\">Teigwarengerichte. Das Istrianische Rind-Boskarin, Ombolo, oder die Sripnja, tradizionell genannt \u201ePeka\u201c. Nicht zu vergessen die Istrianische \u201e Minestra\u201c Gem\u00fcseeintopf. Das grosse Angebot der Saisonalen Fr\u00fcchte aus der Istrianischen Erde.\u00a0Das wertvolle und reichhaltige OLIVEN\u00d6L das viele G\u00e4ste zu den Speisen geniessen und auch nach Hause mitnehmen. Die vielen gesunden Pflanzen die man in der Istrianischen K\u00fcche als Gew\u00fcrze ben\u00fctzt, so wie die Weine, MALVAZIJA, der rote TERAN oder der s\u00fcsse MUSKAT. Die 3 bekanntesten Weinsorten Istriens. Das sind alles Produkte die als \u201eGOLSCH\u00c4TZE\u201c Istriens gelten.<\/p>\n<\/div><div class=\"fusion-clearfix\"><\/div><\/div><\/div><\/div><\/div><div class=\"fusion-bg-parallax\" data-bg-align=\"right top\" data-direction=\"up\" data-mute=\"false\" data-opacity=\"100\" data-velocity=\"-0.3\" data-mobile-enabled=\"false\" data-break_parents=\"0\" data-bg-image=\"https:\/\/www.hotel-artecasa.hr\/wp-content\/uploads\/2018\/09\/naslovna-1.jpg\" data-bg-repeat=\"false\" ><\/div><div class=\"fusion-fullwidth fullwidth-box fusion-builder-row-2 fusion-parallax-up nonhundred-percent-fullwidth non-hundred-percent-height-scrolling\" style=\"--awb-background-position:right top;--awb-border-radius-top-left:0px;--awb-border-radius-top-right:0px;--awb-border-radius-bottom-right:0px;--awb-border-radius-bottom-left:0px;--awb-padding-top:14%;--awb-padding-bottom:13%;--awb-background-image:url(&quot;https:\/\/www.hotel-artecasa.hr\/wp-content\/uploads\/2018\/09\/naslovna-1.jpg&quot;);--awb-background-size:cover;--awb-border-sizes-top:0px;--awb-border-sizes-bottom:0px;--awb-flex-wrap:wrap;\" ><div class=\"fusion-builder-row fusion-row\"><div class=\"fusion-layout-column fusion_builder_column fusion-builder-column-1 fusion_builder_column_1_5 1_5 fusion-one-fifth fusion-column-first fusion-no-small-visibility\" style=\"--awb-bg-size:cover;width:16.8%; margin-right: 4%;\"><div class=\"fusion-column-wrapper fusion-flex-column-wrapper-legacy\"><div class=\"fusion-clearfix\"><\/div><\/div><\/div><div class=\"fusion-layout-column fusion_builder_column fusion-builder-column-2 fusion_builder_column_3_5 3_5 fusion-three-fifth\" style=\"--awb-bg-size:cover;--awb-margin-top:50px;--awb-margin-bottom:30px;width:58.4%; margin-right: 4%;\"><div class=\"fusion-column-wrapper fusion-flex-column-wrapper-legacy\"><div class=\"fusion-testimonials clean awb-speech-bubble-show fusion-testimonials-1\" style=\"--awb-textcolor:#ffffff;--awb-backgroundcolor:rgba(255,255,255,0);--awb-testimonial-border-style:solid;--awb-testimonial-border-color:var(--awb-color3);--awb-border-top-left-radius:0px;--awb-border-top-right-radius:0px;--awb-border-bottom-left-radius:0px;--awb-border-bottom-right-radius:0px;--testimonial-border-width-top:0px;--testimonial-border-width-right:0px;--testimonial-border-width-bottom:0px;--testimonial-border-width-left:0px;\" data-random=\"0\" data-speed=\"4000\"><div class=\"reviews\"><div class=\"review active-testimonial avatar-above no-avatar\"><blockquote class=\"testimonials-shortcode-blockquote\"><div class=\"awb-quote\"><div class=\"awb-quote-content\">\n<p class=\"p1\"><span class=\"s1\">Ra\u0161irenih ruku i jo\u0161 \u0161ireg osmijeha o\u010dekujemo vas u na\u0161oj primorsko oazi, smjete\u0161noj blizu \u010darobnog plavetnila Jadranskog mora i rasko\u0161ne ponude grada Umaga gdje svatko mo\u017ee prona\u0107i svoju zlatnu ribicu i ispuniti snove o savr\u0161enom odmoru. <\/span><\/p>\n<\/div><\/div><\/blockquote><div class=\"author\"><span class=\"company-name\"><strong>ARTE CASA<\/strong>, <span>HOTEL &amp; RESORT<\/span><\/span><\/div><\/div><\/div><\/div><div class=\"fusion-clearfix\"><\/div><\/div><\/div><div class=\"fusion-layout-column fusion_builder_column fusion-builder-column-3 fusion_builder_column_1_5 1_5 fusion-one-fifth fusion-column-last fusion-no-small-visibility\" style=\"--awb-bg-size:cover;width:16.8%;\"><div class=\"fusion-column-wrapper fusion-flex-column-wrapper-legacy\"><div class=\"fusion-clearfix\"><\/div><\/div><\/div><\/div><\/div><div class=\"fusion-bg-parallax\" data-bg-align=\"left top\" data-direction=\"up\" data-mute=\"false\" data-opacity=\"100\" data-velocity=\"-0.2\" data-mobile-enabled=\"false\" data-break_parents=\"0\" data-bg-image=\"https:\/\/www.hotel-artecasa.hr\/wp-content\/uploads\/2018\/06\/ptb_cta-new.jpg\" data-bg-repeat=\"false\" data-bg-color=\"#5c5b5c\" ><\/div><div class=\"fusion-fullwidth fullwidth-box fusion-builder-row-3 fusion-parallax-up nonhundred-percent-fullwidth non-hundred-percent-height-scrolling fusion-equal-height-columns\" style=\"--awb-background-position:left top;--awb-border-radius-top-left:0px;--awb-border-radius-top-right:0px;--awb-border-radius-bottom-right:0px;--awb-border-radius-bottom-left:0px;--awb-padding-top:100px;--awb-padding-bottom:85px;--awb-background-color:#5c5b5c;--awb-background-image:url(&quot;https:\/\/www.hotel-artecasa.hr\/wp-content\/uploads\/2018\/06\/ptb_cta-new.jpg&quot;);--awb-background-size:cover;--awb-border-sizes-top:0px;--awb-border-sizes-bottom:0px;--awb-flex-wrap:wrap;\" ><div class=\"fusion-builder-row fusion-row\"><div class=\"fusion-layout-column fusion_builder_column fusion-builder-column-4 fusion_builder_column_1_6 1_6 fusion-one-sixth fusion-column-first\" style=\"--awb-bg-size:cover;width:16.666666666667%;width:calc(16.666666666667% - ( ( 4% + 4% ) * 0.16666666666667 ) );margin-right: 4%;\"><div class=\"fusion-column-wrapper fusion-flex-column-wrapper-legacy\"><div class=\"fusion-column-content-centered\"><div class=\"fusion-column-content\"><div class=\"fusion-counters-box counters-box row fusion-clearfix fusion-columns-1\" style=\"--awb-body-color:#ffffff;--awb-border-color:#b9afa1;--awb-color:#ffffff;--awb-title-size:62;--awb-border-color:#b9afa1;\"><div class=\"fusion-counter-box fusion-column col-counter-box counter-box-wrapper col-lg-12 col-md-12 col-sm-12\" data-animationOffset=\"top-into-view\"><div class=\"counter-box-container\"><div class=\"content-box-percentage content-box-counter\"><span class=\"display-counter\" data-value=\"100\" data-direction=\"up\" data-decimals=\"0\">0<\/span><span class=\"unit\">%<\/span><\/div><div class=\"counter-box-content\">U\u017dITKA<\/div><\/div><\/div><\/div><div class=\"clearfix\"><\/div><\/div><\/div><div class=\"fusion-clearfix\"><\/div><\/div><\/div><div class=\"fusion-layout-column fusion_builder_column fusion-builder-column-5 fusion_builder_column_2_3 2_3 fusion-two-third\" style=\"--awb-bg-size:cover;--awb-margin-bottom:10px;width:66.666666666667%;width:calc(66.666666666667% - ( ( 4% + 4% ) * 0.66666666666667 ) );margin-right: 4%;\"><div class=\"fusion-column-wrapper fusion-flex-column-wrapper-legacy\"><div class=\"fusion-column-content-centered\"><div class=\"fusion-column-content\"><div class=\"fusion-text fusion-text-4\"><h4 style=\"font-size: 30px; line-height: 1.4em; letter-spacing: -1px;\"><span style=\"color: #ffffff;\">Uzmite vrijeme za sebe i priu\u0161tite si odmor koji zaslu\u017eujete <\/span><\/h4>\n<\/div><div class=\"fusion-text fusion-text-5\"><p><span style=\"color: #ffffff;\">U\u017eivajte u specijalitetima,udobnosti na\u0161eg hotela te predivnom krajoliku koji Istra pru\u017ea <\/span><\/p>\n<\/div><\/div><\/div><div class=\"fusion-clearfix\"><\/div><\/div><\/div><div class=\"fusion-layout-column fusion_builder_column fusion-builder-column-6 fusion_builder_column_1_6 1_6 fusion-one-sixth fusion-column-last\" style=\"--awb-bg-size:cover;--awb-margin-top:10px;width:16.666666666667%;width:calc(16.666666666667% - ( ( 4% + 4% ) * 0.16666666666667 ) );\"><div class=\"fusion-column-wrapper fusion-flex-column-wrapper-legacy\"><div class=\"fusion-column-content-centered\"><div class=\"fusion-column-content\"><div class=\"fusion-alignleft\"><a class=\"fusion-button button-flat fusion-button-default-size button-default fusion-button-default button-1 fusion-button-default-span fusion-button-default-type\" target=\"_self\" href=\"https:\/\/www.hotel-artecasa.hr\/hr\/book-now\/\"><span class=\"fusion-button-text awb-button__text awb-button__text--default\">REZERVIRAJTE SAD<\/span><\/a><\/div><\/div><\/div><div class=\"fusion-clearfix\"><\/div><\/div><\/div><\/div><\/div><\/p>\n","protected":false},"excerpt":{"rendered":"","protected":false},"author":1,"featured_media":0,"parent":0,"menu_order":0,"comment_status":"closed","ping_status":"closed","template":"100-width.php","meta":{"footnotes":""},"class_list":["post-3527","page","type-page","status-publish","hentry"],"yoast_head":"<!-- This site is optimized with the Yoast SEO plugin v27.3 - https:\/\/yoast.com\/product\/yoast-seo-wordpress\/ -->\n<title>UMGEBUNG - Hotel Arte Casa<\/title>\n<meta name=\"robots\" content=\"index, follow, max-snippet:-1, max-image-preview:large, max-video-preview:-1\" \/>\n<link rel=\"canonical\" href=\"https:\/\/www.hotel-artecasa.hr\/okolina\/\" \/>\n<meta property=\"og:locale\" content=\"de_DE\" \/>\n<meta property=\"og:type\" content=\"article\" \/>\n<meta property=\"og:title\" content=\"UMGEBUNG - Hotel Arte Casa\" \/>\n<meta property=\"og:url\" content=\"https:\/\/www.hotel-artecasa.hr\/okolina\/\" \/>\n<meta property=\"og:site_name\" content=\"Hotel Arte Casa\" \/>\n<meta property=\"article:modified_time\" content=\"2019-02-05T20:30:13+00:00\" \/>\n<meta name=\"twitter:card\" content=\"summary_large_image\" \/>\n<meta name=\"twitter:label1\" content=\"Gesch\u00e4tzte Lesezeit\" \/>\n\t<meta name=\"twitter:data1\" content=\"9\u00a0Minuten\" \/>\n<script type=\"application\/ld+json\" class=\"yoast-schema-graph\">{\"@context\":\"https:\\\/\\\/schema.org\",\"@graph\":[{\"@type\":\"WebPage\",\"@id\":\"https:\\\/\\\/www.hotel-artecasa.hr\\\/okolina\\\/\",\"url\":\"https:\\\/\\\/www.hotel-artecasa.hr\\\/okolina\\\/\",\"name\":\"UMGEBUNG - Hotel Arte Casa\",\"isPartOf\":{\"@id\":\"https:\\\/\\\/www.hotel-artecasa.hr\\\/#website\"},\"datePublished\":\"2016-08-02T09:05:49+00:00\",\"dateModified\":\"2019-02-05T20:30:13+00:00\",\"breadcrumb\":{\"@id\":\"https:\\\/\\\/www.hotel-artecasa.hr\\\/okolina\\\/#breadcrumb\"},\"inLanguage\":\"de\",\"potentialAction\":[{\"@type\":\"ReadAction\",\"target\":[\"https:\\\/\\\/www.hotel-artecasa.hr\\\/okolina\\\/\"]}]},{\"@type\":\"BreadcrumbList\",\"@id\":\"https:\\\/\\\/www.hotel-artecasa.hr\\\/okolina\\\/#breadcrumb\",\"itemListElement\":[{\"@type\":\"ListItem\",\"position\":1,\"name\":\"Po\u010detna stranica\",\"item\":\"https:\\\/\\\/www.hotel-artecasa.hr\\\/\"},{\"@type\":\"ListItem\",\"position\":2,\"name\":\"UMGEBUNG\"}]},{\"@type\":\"WebSite\",\"@id\":\"https:\\\/\\\/www.hotel-artecasa.hr\\\/#website\",\"url\":\"https:\\\/\\\/www.hotel-artecasa.hr\\\/\",\"name\":\"Hotel Arte Casa\",\"description\":\"a charming small hotel\",\"potentialAction\":[{\"@type\":\"SearchAction\",\"target\":{\"@type\":\"EntryPoint\",\"urlTemplate\":\"https:\\\/\\\/www.hotel-artecasa.hr\\\/?s={search_term_string}\"},\"query-input\":{\"@type\":\"PropertyValueSpecification\",\"valueRequired\":true,\"valueName\":\"search_term_string\"}}],\"inLanguage\":\"de\"}]}<\/script>\n<!-- \/ Yoast SEO plugin. -->","yoast_head_json":{"title":"UMGEBUNG - Hotel Arte Casa","robots":{"index":"index","follow":"follow","max-snippet":"max-snippet:-1","max-image-preview":"max-image-preview:large","max-video-preview":"max-video-preview:-1"},"canonical":"https:\/\/www.hotel-artecasa.hr\/okolina\/","og_locale":"de_DE","og_type":"article","og_title":"UMGEBUNG - Hotel Arte Casa","og_url":"https:\/\/www.hotel-artecasa.hr\/okolina\/","og_site_name":"Hotel Arte Casa","article_modified_time":"2019-02-05T20:30:13+00:00","twitter_card":"summary_large_image","twitter_misc":{"Gesch\u00e4tzte Lesezeit":"9\u00a0Minuten"},"schema":{"@context":"https:\/\/schema.org","@graph":[{"@type":"WebPage","@id":"https:\/\/www.hotel-artecasa.hr\/okolina\/","url":"https:\/\/www.hotel-artecasa.hr\/okolina\/","name":"UMGEBUNG - Hotel Arte Casa","isPartOf":{"@id":"https:\/\/www.hotel-artecasa.hr\/#website"},"datePublished":"2016-08-02T09:05:49+00:00","dateModified":"2019-02-05T20:30:13+00:00","breadcrumb":{"@id":"https:\/\/www.hotel-artecasa.hr\/okolina\/#breadcrumb"},"inLanguage":"de","potentialAction":[{"@type":"ReadAction","target":["https:\/\/www.hotel-artecasa.hr\/okolina\/"]}]},{"@type":"BreadcrumbList","@id":"https:\/\/www.hotel-artecasa.hr\/okolina\/#breadcrumb","itemListElement":[{"@type":"ListItem","position":1,"name":"Po\u010detna stranica","item":"https:\/\/www.hotel-artecasa.hr\/"},{"@type":"ListItem","position":2,"name":"UMGEBUNG"}]},{"@type":"WebSite","@id":"https:\/\/www.hotel-artecasa.hr\/#website","url":"https:\/\/www.hotel-artecasa.hr\/","name":"Hotel Arte Casa","description":"a charming small hotel","potentialAction":[{"@type":"SearchAction","target":{"@type":"EntryPoint","urlTemplate":"https:\/\/www.hotel-artecasa.hr\/?s={search_term_string}"},"query-input":{"@type":"PropertyValueSpecification","valueRequired":true,"valueName":"search_term_string"}}],"inLanguage":"de"}]}},"_links":{"self":[{"href":"https:\/\/www.hotel-artecasa.hr\/de\/wp-json\/wp\/v2\/pages\/3527","targetHints":{"allow":["GET"]}}],"collection":[{"href":"https:\/\/www.hotel-artecasa.hr\/de\/wp-json\/wp\/v2\/pages"}],"about":[{"href":"https:\/\/www.hotel-artecasa.hr\/de\/wp-json\/wp\/v2\/types\/page"}],"author":[{"embeddable":true,"href":"https:\/\/www.hotel-artecasa.hr\/de\/wp-json\/wp\/v2\/users\/1"}],"replies":[{"embeddable":true,"href":"https:\/\/www.hotel-artecasa.hr\/de\/wp-json\/wp\/v2\/comments?post=3527"}],"version-history":[{"count":4,"href":"https:\/\/www.hotel-artecasa.hr\/de\/wp-json\/wp\/v2\/pages\/3527\/revisions"}],"predecessor-version":[{"id":3531,"href":"https:\/\/www.hotel-artecasa.hr\/de\/wp-json\/wp\/v2\/pages\/3527\/revisions\/3531"}],"wp:attachment":[{"href":"https:\/\/www.hotel-artecasa.hr\/de\/wp-json\/wp\/v2\/media?parent=3527"}],"curies":[{"name":"wp","href":"https:\/\/api.w.org\/{rel}","templated":true}]}}